{"id":4292,"date":"2022-01-13T17:15:02","date_gmt":"2022-01-13T15:15:02","guid":{"rendered":"https:\/\/anahata-yoga-heidelberg.de\/new-at-yoga\/nicole\/"},"modified":"2022-03-15T00:34:29","modified_gmt":"2022-03-14T22:34:29","slug":"nicole","status":"publish","type":"page","link":"https:\/\/anahata-yoga-heidelberg.de\/en\/new-at-yoga\/nicole\/","title":{"rendered":"Nicole"},"content":{"rendered":"<div style=\"width: 40%; padding: 0 10px 0 0; float: left;\">\n<h1>Nicole<\/h1>\n<h4><\/h4>\n<\/div>\n<div style=\"width: 40%; padding: 0 10px 0 0; float: right;\">\n<p><img loading=\"lazy\" decoding=\"async\" src=\"https:\/\/anahata-yoga-heidelberg.de\/wp-content\/uploads\/2022\/01\/IMG_4372a-300x200.jpg\" alt=\"\" width=\"329\" height=\"219\" class=\"alignnone wp-image-4287\" srcset=\"https:\/\/anahata-yoga-heidelberg.de\/wp-content\/uploads\/2022\/01\/IMG_4372a-300x200.jpg 300w, https:\/\/anahata-yoga-heidelberg.de\/wp-content\/uploads\/2022\/01\/IMG_4372a-360x240.jpg 360w, https:\/\/anahata-yoga-heidelberg.de\/wp-content\/uploads\/2022\/01\/IMG_4372a.jpg 510w\" sizes=\"auto, (max-width: 329px) 100vw, 329px\" \/><\/p>\n<\/div>\n<h2 style=\"clear: both;\">My Yoga:<\/h2>\n<p><span>Yoga has been my daily companion for over 10 years, and I have always been curious about exploring different styles.<\/span><\/p>\n<p><span>Fascinated by the holistic approach and the philosophy, I did my first yoga teacher training in India in 2018 in the classic Hatha style, which I expanded in 2021 with a 500-hour YTT in Greece.<\/span><\/p>\n<p><span class=\"VIiyi\" jsaction=\"mouseup:BR6jm\" jsname=\"jqKxS\" lang=\"en\"><span jsaction=\"agoMJf:PFBcW;usxOmf:aWLT7;jhKsnd:P7O7bd,F8DmGf;Q4AGo:Gm7gYd,qAKMYb;uFUCPb:pvnm0e,pfE8Hb,PFBcW;f56efd:dJXsye;EnoYf:KNzws,ZJsZZ,JgVSJc;zdMJQc:cCQNKb,ZJsZZ,zchEXc;Ytrrj:JJDvdc;tNR8yc:GeFvjb;oFN6Ye:hij5Wb;bmeZHc:iURhpf;Oxj3Xe:qAKMYb,yaf12d\" jsname=\"txFAF\" class=\"JLqJ4b ChMk0b\" data-language-for-alternatives=\"en\" data-language-to-translate-into=\"de\" data-phrase-index=\"4\" data-number-of-phrases=\"6\" jscontroller=\"Zl5N8\" jsdata=\"uqLsIf;_;$17\" jsmodel=\"SsMkhd\"><span jsaction=\"click:qtZ4nf,GFf3ac,tMZCfe; contextmenu:Nqw7Te,QP7LD; mouseout:Nqw7Te; mouseover:qtZ4nf,c2aHje\" jsname=\"W297wb\">I enthusiastically combine meditation and mindfulness exercises, breathing and movement in creative, playful flows.<\/span><\/span> <span jsaction=\"agoMJf:PFBcW;usxOmf:aWLT7;jhKsnd:P7O7bd,F8DmGf;Q4AGo:Gm7gYd,qAKMYb;uFUCPb:pvnm0e,pfE8Hb,PFBcW;f56efd:dJXsye;EnoYf:KNzws,ZJsZZ,JgVSJc;zdMJQc:cCQNKb,ZJsZZ,zchEXc;Ytrrj:JJDvdc;tNR8yc:GeFvjb;oFN6Ye:hij5Wb;bmeZHc:iURhpf;Oxj3Xe:qAKMYb,yaf12d\" jsname=\"txFAF\" class=\"JLqJ4b ChMk0b\" data-language-for-alternatives=\"en\" data-language-to-translate-into=\"de\" data-phrase-index=\"5\" data-number-of-phrases=\"6\" jscontroller=\"Zl5N8\" jsdata=\"uqLsIf;_;$18\" jsmodel=\"SsMkhd\"><span jsaction=\"click:qtZ4nf,GFf3ac,tMZCfe; contextmenu:Nqw7Te,QP7LD; mouseout:Nqw7Te; mouseover:qtZ4nf,c2aHje\" jsname=\"W297wb\">I am happy to share one of my greatest passions with you &#8211; Yoga!<\/span><\/span><\/span><span> <\/span><\/p>\n<div>\n<h2>Yoga &#8211; Education:<\/h2>\n<\/div>\n<p>&#8211; Yoga Teacher Training (200 HRS RYT, Yoga Alliance) in India<br \/>\n&#8211; Yoga Teacher Training (500 HRS RYT, Yoga Alliance) in Greece<\/p>\n<h2><\/h2>\n<h3>Languages:<\/h3>\n<p>English and German<\/p>\n<p>&nbsp;<\/p>\n","protected":false},"excerpt":{"rendered":"<p>Nicole My Yoga: Yoga has been my daily companion for over 10 years, and I have always been curious about exploring different styles. Fascinated by the holistic approach and the philosophy, I did my first yoga teacher training in India in 2018 in the classic Hatha style, which I expanded [&hellip;]<\/p>\n","protected":false},"author":1,"featured_media":4287,"parent":3327,"menu_order":0,"comment_status":"closed","ping_status":"closed","template":"","meta":{"footnotes":""},"class_list":["post-4292","page","type-page","status-publish","has-post-thumbnail","hentry"],"yoast_head":"<!-- This site is optimized with the Yoast SEO Premium plugin v26.1 (Yoast SEO v27.3) - https:\/\/yoast.com\/product\/yoast-seo-premium-wordpress\/ -->\n<title>Nicole<\/title>\n<meta name=\"robots\" content=\"index, follow, max-snippet:-1, max-image-preview:large, max-video-preview:-1\" \/>\n<link rel=\"canonical\" href=\"https:\/\/anahata-yoga-heidelberg.de\/en\/new-at-yoga\/nicole\/\" \/>\n<meta property=\"og:locale\" content=\"en_US\" \/>\n<meta property=\"og:type\" content=\"article\" \/>\n<meta property=\"og:title\" content=\"Nicole\" \/>\n<meta property=\"og:description\" content=\"Nicole My Yoga: Yoga has been my daily companion for over 10 years, and I have always been curious about exploring different styles. Fascinated by the holistic approach and the philosophy, I did my first yoga teacher training in India in 2018 in the classic Hatha style, which I expanded [&hellip;]\" \/>\n<meta property=\"og:url\" content=\"https:\/\/anahata-yoga-heidelberg.de\/en\/new-at-yoga\/nicole\/\" \/>\n<meta property=\"og:site_name\" content=\"Anahata Yoga Heidelberg\" \/>\n<meta property=\"article:publisher\" content=\"https:\/\/www.facebook.com\/YogaInHeidelberg\/\" \/>\n<meta property=\"article:modified_time\" content=\"2022-03-14T22:34:29+00:00\" \/>\n<meta property=\"og:image\" content=\"https:\/\/i0.wp.com\/www.anahatayogaheidelberg.com\/wp-content\/uploads\/2022\/01\/IMG_4372a.jpg?fit=510%2C340&ssl=1\" \/>\n\t<meta property=\"og:image:width\" content=\"510\" \/>\n\t<meta property=\"og:image:height\" content=\"340\" \/>\n\t<meta property=\"og:image:type\" content=\"image\/jpeg\" \/>\n<meta name=\"twitter:card\" content=\"summary_large_image\" \/>\n<meta name=\"twitter:label1\" content=\"Est. reading time\" \/>\n\t<meta name=\"twitter:data1\" content=\"1 minute\" \/>\n<script type=\"application\/ld+json\" class=\"yoast-schema-graph\">{\"@context\":\"https:\\\/\\\/schema.org\",\"@graph\":[{\"@type\":\"WebPage\",\"@id\":\"https:\\\/\\\/anahata-yoga-heidelberg.de\\\/en\\\/new-at-yoga\\\/nicole\\\/\",\"url\":\"https:\\\/\\\/anahata-yoga-heidelberg.de\\\/en\\\/new-at-yoga\\\/nicole\\\/\",\"name\":\"Nicole\",\"isPartOf\":{\"@id\":\"https:\\\/\\\/anahata-yoga-heidelberg.de\\\/en\\\/#website\"},\"primaryImageOfPage\":{\"@id\":\"https:\\\/\\\/anahata-yoga-heidelberg.de\\\/en\\\/new-at-yoga\\\/nicole\\\/#primaryimage\"},\"image\":{\"@id\":\"https:\\\/\\\/anahata-yoga-heidelberg.de\\\/en\\\/new-at-yoga\\\/nicole\\\/#primaryimage\"},\"thumbnailUrl\":\"https:\\\/\\\/anahata-yoga-heidelberg.de\\\/wp-content\\\/uploads\\\/2022\\\/01\\\/IMG_4372a.jpg\",\"datePublished\":\"2022-01-13T15:15:02+00:00\",\"dateModified\":\"2022-03-14T22:34:29+00:00\",\"breadcrumb\":{\"@id\":\"https:\\\/\\\/anahata-yoga-heidelberg.de\\\/en\\\/new-at-yoga\\\/nicole\\\/#breadcrumb\"},\"inLanguage\":\"en-US\",\"potentialAction\":[{\"@type\":\"ReadAction\",\"target\":[\"https:\\\/\\\/anahata-yoga-heidelberg.de\\\/en\\\/new-at-yoga\\\/nicole\\\/\"]}]},{\"@type\":\"ImageObject\",\"inLanguage\":\"en-US\",\"@id\":\"https:\\\/\\\/anahata-yoga-heidelberg.de\\\/en\\\/new-at-yoga\\\/nicole\\\/#primaryimage\",\"url\":\"https:\\\/\\\/anahata-yoga-heidelberg.de\\\/wp-content\\\/uploads\\\/2022\\\/01\\\/IMG_4372a.jpg\",\"contentUrl\":\"https:\\\/\\\/anahata-yoga-heidelberg.de\\\/wp-content\\\/uploads\\\/2022\\\/01\\\/IMG_4372a.jpg\",\"width\":510,\"height\":340},{\"@type\":\"BreadcrumbList\",\"@id\":\"https:\\\/\\\/anahata-yoga-heidelberg.de\\\/en\\\/new-at-yoga\\\/nicole\\\/#breadcrumb\",\"itemListElement\":[{\"@type\":\"ListItem\",\"position\":1,\"name\":\"Startseite\",\"item\":\"https:\\\/\\\/anahata-yoga-heidelberg.de\\\/en\\\/\"},{\"@type\":\"ListItem\",\"position\":2,\"name\":\"About us\",\"item\":\"https:\\\/\\\/anahata-yoga-heidelberg.de\\\/en\\\/new-at-yoga\\\/\"},{\"@type\":\"ListItem\",\"position\":3,\"name\":\"Nicole\"}]},{\"@type\":\"WebSite\",\"@id\":\"https:\\\/\\\/anahata-yoga-heidelberg.de\\\/en\\\/#website\",\"url\":\"https:\\\/\\\/anahata-yoga-heidelberg.de\\\/en\\\/\",\"name\":\"Anahata Yoga Heidelberg\",\"description\":\"Yoga in Heidelberg\",\"publisher\":{\"@id\":\"https:\\\/\\\/anahata-yoga-heidelberg.de\\\/en\\\/#organization\"},\"potentialAction\":[{\"@type\":\"SearchAction\",\"target\":{\"@type\":\"EntryPoint\",\"urlTemplate\":\"https:\\\/\\\/anahata-yoga-heidelberg.de\\\/en\\\/?s={search_term_string}\"},\"query-input\":{\"@type\":\"PropertyValueSpecification\",\"valueRequired\":true,\"valueName\":\"search_term_string\"}}],\"inLanguage\":\"en-US\"},{\"@type\":\"Organization\",\"@id\":\"https:\\\/\\\/anahata-yoga-heidelberg.de\\\/en\\\/#organization\",\"name\":\"Anahata Yoga Heidelberg\",\"url\":\"https:\\\/\\\/anahata-yoga-heidelberg.de\\\/en\\\/\",\"logo\":{\"@type\":\"ImageObject\",\"inLanguage\":\"en-US\",\"@id\":\"https:\\\/\\\/anahata-yoga-heidelberg.de\\\/en\\\/#\\\/schema\\\/logo\\\/image\\\/\",\"url\":\"https:\\\/\\\/anahata-yoga-heidelberg.de\\\/wp-content\\\/uploads\\\/2023\\\/05\\\/cropped-cropped-logoshot3.jpg\",\"contentUrl\":\"https:\\\/\\\/anahata-yoga-heidelberg.de\\\/wp-content\\\/uploads\\\/2023\\\/05\\\/cropped-cropped-logoshot3.jpg\",\"width\":512,\"height\":512,\"caption\":\"Anahata Yoga Heidelberg\"},\"image\":{\"@id\":\"https:\\\/\\\/anahata-yoga-heidelberg.de\\\/en\\\/#\\\/schema\\\/logo\\\/image\\\/\"},\"sameAs\":[\"https:\\\/\\\/www.facebook.com\\\/YogaInHeidelberg\\\/\",\"https:\\\/\\\/www.instagram.com\\\/anahata.yoga.heidelberg\\\/\"],\"description\":\"Anahata Yoga Heidelberg ist das famili\u00e4re Yogastudio in Heidelberg-Handschuhsheim. Hier findest Du individuelle Betreuung in \u00fcberschaubaren Gruppen oder beim Einzelunterricht. Auf diese Weise erm\u00f6glichen wir Anf\u00e4ngern einen soliden Einstieg ins Yoga und Fortgeschrittenen eine individuelle Entwicklung ihres eigenen Yogaweges.\",\"email\":\"info@anahata-yoga-heidelberg.de\",\"telephone\":\"01714509409\",\"foundingDate\":\"2016-10-01\"}]}<\/script>\n<!-- \/ Yoast SEO Premium plugin. -->","yoast_head_json":{"title":"Nicole","robots":{"index":"index","follow":"follow","max-snippet":"max-snippet:-1","max-image-preview":"max-image-preview:large","max-video-preview":"max-video-preview:-1"},"canonical":"https:\/\/anahata-yoga-heidelberg.de\/en\/new-at-yoga\/nicole\/","og_locale":"en_US","og_type":"article","og_title":"Nicole","og_description":"Nicole My Yoga: Yoga has been my daily companion for over 10 years, and I have always been curious about exploring different styles. Fascinated by the holistic approach and the philosophy, I did my first yoga teacher training in India in 2018 in the classic Hatha style, which I expanded [&hellip;]","og_url":"https:\/\/anahata-yoga-heidelberg.de\/en\/new-at-yoga\/nicole\/","og_site_name":"Anahata Yoga Heidelberg","article_publisher":"https:\/\/www.facebook.com\/YogaInHeidelberg\/","article_modified_time":"2022-03-14T22:34:29+00:00","og_image":[{"width":510,"height":340,"url":"https:\/\/i0.wp.com\/www.anahatayogaheidelberg.com\/wp-content\/uploads\/2022\/01\/IMG_4372a.jpg?fit=510%2C340&ssl=1","type":"image\/jpeg"}],"twitter_card":"summary_large_image","twitter_misc":{"Est. reading time":"1 minute"},"schema":{"@context":"https:\/\/schema.org","@graph":[{"@type":"WebPage","@id":"https:\/\/anahata-yoga-heidelberg.de\/en\/new-at-yoga\/nicole\/","url":"https:\/\/anahata-yoga-heidelberg.de\/en\/new-at-yoga\/nicole\/","name":"Nicole","isPartOf":{"@id":"https:\/\/anahata-yoga-heidelberg.de\/en\/#website"},"primaryImageOfPage":{"@id":"https:\/\/anahata-yoga-heidelberg.de\/en\/new-at-yoga\/nicole\/#primaryimage"},"image":{"@id":"https:\/\/anahata-yoga-heidelberg.de\/en\/new-at-yoga\/nicole\/#primaryimage"},"thumbnailUrl":"https:\/\/anahata-yoga-heidelberg.de\/wp-content\/uploads\/2022\/01\/IMG_4372a.jpg","datePublished":"2022-01-13T15:15:02+00:00","dateModified":"2022-03-14T22:34:29+00:00","breadcrumb":{"@id":"https:\/\/anahata-yoga-heidelberg.de\/en\/new-at-yoga\/nicole\/#breadcrumb"},"inLanguage":"en-US","potentialAction":[{"@type":"ReadAction","target":["https:\/\/anahata-yoga-heidelberg.de\/en\/new-at-yoga\/nicole\/"]}]},{"@type":"ImageObject","inLanguage":"en-US","@id":"https:\/\/anahata-yoga-heidelberg.de\/en\/new-at-yoga\/nicole\/#primaryimage","url":"https:\/\/anahata-yoga-heidelberg.de\/wp-content\/uploads\/2022\/01\/IMG_4372a.jpg","contentUrl":"https:\/\/anahata-yoga-heidelberg.de\/wp-content\/uploads\/2022\/01\/IMG_4372a.jpg","width":510,"height":340},{"@type":"BreadcrumbList","@id":"https:\/\/anahata-yoga-heidelberg.de\/en\/new-at-yoga\/nicole\/#breadcrumb","itemListElement":[{"@type":"ListItem","position":1,"name":"Startseite","item":"https:\/\/anahata-yoga-heidelberg.de\/en\/"},{"@type":"ListItem","position":2,"name":"About us","item":"https:\/\/anahata-yoga-heidelberg.de\/en\/new-at-yoga\/"},{"@type":"ListItem","position":3,"name":"Nicole"}]},{"@type":"WebSite","@id":"https:\/\/anahata-yoga-heidelberg.de\/en\/#website","url":"https:\/\/anahata-yoga-heidelberg.de\/en\/","name":"Anahata Yoga Heidelberg","description":"Yoga in Heidelberg","publisher":{"@id":"https:\/\/anahata-yoga-heidelberg.de\/en\/#organization"},"potentialAction":[{"@type":"SearchAction","target":{"@type":"EntryPoint","urlTemplate":"https:\/\/anahata-yoga-heidelberg.de\/en\/?s={search_term_string}"},"query-input":{"@type":"PropertyValueSpecification","valueRequired":true,"valueName":"search_term_string"}}],"inLanguage":"en-US"},{"@type":"Organization","@id":"https:\/\/anahata-yoga-heidelberg.de\/en\/#organization","name":"Anahata Yoga Heidelberg","url":"https:\/\/anahata-yoga-heidelberg.de\/en\/","logo":{"@type":"ImageObject","inLanguage":"en-US","@id":"https:\/\/anahata-yoga-heidelberg.de\/en\/#\/schema\/logo\/image\/","url":"https:\/\/anahata-yoga-heidelberg.de\/wp-content\/uploads\/2023\/05\/cropped-cropped-logoshot3.jpg","contentUrl":"https:\/\/anahata-yoga-heidelberg.de\/wp-content\/uploads\/2023\/05\/cropped-cropped-logoshot3.jpg","width":512,"height":512,"caption":"Anahata Yoga Heidelberg"},"image":{"@id":"https:\/\/anahata-yoga-heidelberg.de\/en\/#\/schema\/logo\/image\/"},"sameAs":["https:\/\/www.facebook.com\/YogaInHeidelberg\/","https:\/\/www.instagram.com\/anahata.yoga.heidelberg\/"],"description":"Anahata Yoga Heidelberg ist das famili\u00e4re Yogastudio in Heidelberg-Handschuhsheim. Hier findest Du individuelle Betreuung in \u00fcberschaubaren Gruppen oder beim Einzelunterricht. Auf diese Weise erm\u00f6glichen wir Anf\u00e4ngern einen soliden Einstieg ins Yoga und Fortgeschrittenen eine individuelle Entwicklung ihres eigenen Yogaweges.","email":"info@anahata-yoga-heidelberg.de","telephone":"01714509409","foundingDate":"2016-10-01"}]}},"_links":{"self":[{"href":"https:\/\/anahata-yoga-heidelberg.de\/en\/wp-json\/wp\/v2\/pages\/4292","targetHints":{"allow":["GET"]}}],"collection":[{"href":"https:\/\/anahata-yoga-heidelberg.de\/en\/wp-json\/wp\/v2\/pages"}],"about":[{"href":"https:\/\/anahata-yoga-heidelberg.de\/en\/wp-json\/wp\/v2\/types\/page"}],"author":[{"embeddable":true,"href":"https:\/\/anahata-yoga-heidelberg.de\/en\/wp-json\/wp\/v2\/users\/1"}],"replies":[{"embeddable":true,"href":"https:\/\/anahata-yoga-heidelberg.de\/en\/wp-json\/wp\/v2\/comments?post=4292"}],"version-history":[{"count":0,"href":"https:\/\/anahata-yoga-heidelberg.de\/en\/wp-json\/wp\/v2\/pages\/4292\/revisions"}],"up":[{"embeddable":true,"href":"https:\/\/anahata-yoga-heidelberg.de\/en\/wp-json\/wp\/v2\/pages\/3327"}],"wp:featuredmedia":[{"embeddable":true,"href":"https:\/\/anahata-yoga-heidelberg.de\/en\/wp-json\/wp\/v2\/media\/4287"}],"wp:attachment":[{"href":"https:\/\/anahata-yoga-heidelberg.de\/en\/wp-json\/wp\/v2\/media?parent=4292"}],"curies":[{"name":"wp","href":"https:\/\/api.w.org\/{rel}","templated":true}]}}