{"id":4110,"date":"2021-07-12T19:00:11","date_gmt":"2021-07-12T17:00:11","guid":{"rendered":"https:\/\/anahata-yoga-heidelberg.de\/contact\/"},"modified":"2024-12-14T17:06:03","modified_gmt":"2024-12-14T15:06:03","slug":"contact","status":"publish","type":"page","link":"https:\/\/anahata-yoga-heidelberg.de\/en\/contact\/","title":{"rendered":"Contact"},"content":{"rendered":"<h1>Your Yogastudio in Heidelberg-Handschuhsheim<\/h1>\n<h2>Adress:<\/h2>\n<p><strong>Michael Morsch<\/strong><br \/>\n<strong>Anahata Yoga Heidelberg<\/strong><br \/>\n<strong>Steubenstrasse 14,<\/strong><br \/>\n<strong>69121 Heidelberg &#8211; Handschuhsheim<\/strong><br \/>\n<strong>Telefon \/ Whatsapp: <a href=\"http:\/\/+4917145\u00df9409\">0171\/4509409<\/a><\/strong><br \/>\n<strong><a href=\"email: info@anahatayogaheidelberg.de\">email: info@anahatayogaheidelberg.de<\/a><\/strong><\/p>\n<h2><a href=\"https:\/\/anahata-yoga-heidelberg.de\/anmeldung\/\">Click here for registration:<\/a><\/h2>\n<p><a href=\"https:\/\/anahata-yoga-heidelberg.de\/kursplan-anmeldung-und-preise\/\"><img loading=\"lazy\" decoding=\"async\" class=\"alignnone size-full wp-image-3395 aligncenter\" src=\"https:\/\/anahata-yoga-heidelberg.de\/wp-content\/uploads\/2018\/04\/button.png\" alt=\"button\" width=\"348\" height=\"117\" srcset=\"https:\/\/anahata-yoga-heidelberg.de\/wp-content\/uploads\/2018\/04\/button.png 348w, https:\/\/anahata-yoga-heidelberg.de\/wp-content\/uploads\/2018\/04\/button-300x101.png 300w\" sizes=\"auto, (max-width: 348px) 100vw, 348px\" \/><\/a><\/p>\n<p>[googlemaps https:\/\/www.google.com\/maps\/embed?pb=!1m14!1m8!1m3!1d10380.93366123242!2d8.688602!3d49.423401!3m2!1i1024!2i768!4f13.1!3m3!1m2!1s0x0%3A0x8279925b6fe814ee!2sAnahata+Yoga+Heidelberg!5e0!3m2!1sde!2sde!4v1519390630378&amp;w=600&amp;h=450]<\/p>\n<p><a href=\"https:\/\/www.google.de\/maps\/place\/Anahata+Yoga+Heidelberg\/@49.423401,8.688602,15z\/data=!4m5!3m4!1s0x0:0x8279925b6fe814ee!8m2!3d49.423401!4d8.688602\">Hier <\/a>findest Du mich auf Google Maps<\/p>\n<h2>Studio:<\/h2>\n<h4>Steubenstrasse 14 \u2014 69121 Heidelberg<\/h4>\n<p>To get more information send me a message by SMS, Email, Whatsapp- oder FB messenger.<\/p>\n","protected":false},"excerpt":{"rendered":"<p>Your Yogastudio in Heidelberg-Handschuhsheim Adress: Michael Morsch Anahata Yoga Heidelberg Steubenstrasse 14, 69121 Heidelberg &#8211; Handschuhsheim Telefon \/ Whatsapp: 0171\/4509409 email: info@anahatayogaheidelberg.de Click here for registration: [googlemaps https:\/\/www.google.com\/maps\/embed?pb=!1m14!1m8!1m3!1d10380.93366123242!2d8.688602!3d49.423401!3m2!1i1024!2i768!4f13.1!3m3!1m2!1s0x0%3A0x8279925b6fe814ee!2sAnahata+Yoga+Heidelberg!5e0!3m2!1sde!2sde!4v1519390630378&amp;w=600&amp;h=450] Hier findest Du mich auf Google Maps Studio: Steubenstrasse 14 \u2014 69121 Heidelberg To get more information send me a message by [&hellip;]<\/p>\n","protected":false},"author":1,"featured_media":4699,"parent":0,"menu_order":0,"comment_status":"closed","ping_status":"closed","template":"","meta":{"footnotes":""},"class_list":["post-4110","page","type-page","status-publish","has-post-thumbnail","hentry"],"yoast_head":"<!-- This site is optimized with the Yoast SEO Premium plugin v26.1 (Yoast SEO v27.3) - https:\/\/yoast.com\/product\/yoast-seo-premium-wordpress\/ -->\n<title>Find Yoga in Heidelberg<\/title>\n<meta name=\"robots\" content=\"index, follow, max-snippet:-1, max-image-preview:large, max-video-preview:-1\" \/>\n<link rel=\"canonical\" href=\"https:\/\/anahata-yoga-heidelberg.de\/en\/contact\/\" \/>\n<meta property=\"og:locale\" content=\"en_US\" \/>\n<meta property=\"og:type\" content=\"article\" \/>\n<meta property=\"og:title\" content=\"Contact\" \/>\n<meta property=\"og:description\" content=\"Your Yogastudio in Heidelberg-Handschuhsheim Adress: Michael Morsch Anahata Yoga Heidelberg Steubenstrasse 14, 69121 Heidelberg &#8211; Handschuhsheim Telefon \/ Whatsapp: 0171\/4509409 email: info@anahatayogaheidelberg.de Click here for registration: [googlemaps https:\/\/www.google.com\/maps\/embed?pb=!1m14!1m8!1m3!1d10380.93366123242!2d8.688602!3d49.423401!3m2!1i1024!2i768!4f13.1!3m3!1m2!1s0x0%3A0x8279925b6fe814ee!2sAnahata+Yoga+Heidelberg!5e0!3m2!1sde!2sde!4v1519390630378&amp;w=600&amp;h=450] Hier findest Du mich auf Google Maps Studio: Steubenstrasse 14 \u2014 69121 Heidelberg To get more information send me a message by [&hellip;]\" \/>\n<meta property=\"og:url\" content=\"https:\/\/anahata-yoga-heidelberg.de\/en\/contact\/\" \/>\n<meta property=\"og:site_name\" content=\"Anahata Yoga Heidelberg\" \/>\n<meta property=\"article:publisher\" content=\"https:\/\/www.facebook.com\/YogaInHeidelberg\/\" \/>\n<meta property=\"article:modified_time\" content=\"2024-12-14T15:06:03+00:00\" \/>\n<meta property=\"og:image\" content=\"https:\/\/anahata-yoga-heidelberg.de\/wp-content\/uploads\/2023\/09\/020230914_185740-Mittel-Kopie-jpg.webp\" \/>\n\t<meta property=\"og:image:width\" content=\"1365\" \/>\n\t<meta property=\"og:image:height\" content=\"768\" \/>\n\t<meta property=\"og:image:type\" content=\"image\/jpeg\" \/>\n<meta name=\"twitter:card\" content=\"summary_large_image\" \/>\n<meta name=\"twitter:label1\" content=\"Est. reading time\" \/>\n\t<meta name=\"twitter:data1\" content=\"1 minute\" \/>\n<script type=\"application\/ld+json\" class=\"yoast-schema-graph\">{\"@context\":\"https:\\\/\\\/schema.org\",\"@graph\":[{\"@type\":\"WebPage\",\"@id\":\"https:\\\/\\\/anahata-yoga-heidelberg.de\\\/en\\\/contact\\\/\",\"url\":\"https:\\\/\\\/anahata-yoga-heidelberg.de\\\/en\\\/contact\\\/\",\"name\":\"Find Yoga in Heidelberg\",\"isPartOf\":{\"@id\":\"https:\\\/\\\/anahata-yoga-heidelberg.de\\\/en\\\/#website\"},\"primaryImageOfPage\":{\"@id\":\"https:\\\/\\\/anahata-yoga-heidelberg.de\\\/en\\\/contact\\\/#primaryimage\"},\"image\":{\"@id\":\"https:\\\/\\\/anahata-yoga-heidelberg.de\\\/en\\\/contact\\\/#primaryimage\"},\"thumbnailUrl\":\"https:\\\/\\\/anahata-yoga-heidelberg.de\\\/wp-content\\\/uploads\\\/2023\\\/09\\\/020230914_185740-Mittel-Kopie-jpg.webp\",\"datePublished\":\"2021-07-12T17:00:11+00:00\",\"dateModified\":\"2024-12-14T15:06:03+00:00\",\"breadcrumb\":{\"@id\":\"https:\\\/\\\/anahata-yoga-heidelberg.de\\\/en\\\/contact\\\/#breadcrumb\"},\"inLanguage\":\"en-US\",\"potentialAction\":[{\"@type\":\"ReadAction\",\"target\":[\"https:\\\/\\\/anahata-yoga-heidelberg.de\\\/en\\\/contact\\\/\"]}]},{\"@type\":\"ImageObject\",\"inLanguage\":\"en-US\",\"@id\":\"https:\\\/\\\/anahata-yoga-heidelberg.de\\\/en\\\/contact\\\/#primaryimage\",\"url\":\"https:\\\/\\\/anahata-yoga-heidelberg.de\\\/wp-content\\\/uploads\\\/2023\\\/09\\\/020230914_185740-Mittel-Kopie-jpg.webp\",\"contentUrl\":\"https:\\\/\\\/anahata-yoga-heidelberg.de\\\/wp-content\\\/uploads\\\/2023\\\/09\\\/020230914_185740-Mittel-Kopie-jpg.webp\",\"width\":1365,\"height\":768},{\"@type\":\"BreadcrumbList\",\"@id\":\"https:\\\/\\\/anahata-yoga-heidelberg.de\\\/en\\\/contact\\\/#breadcrumb\",\"itemListElement\":[{\"@type\":\"ListItem\",\"position\":1,\"name\":\"Startseite\",\"item\":\"https:\\\/\\\/anahata-yoga-heidelberg.de\\\/en\\\/\"},{\"@type\":\"ListItem\",\"position\":2,\"name\":\"Contact\"}]},{\"@type\":\"WebSite\",\"@id\":\"https:\\\/\\\/anahata-yoga-heidelberg.de\\\/en\\\/#website\",\"url\":\"https:\\\/\\\/anahata-yoga-heidelberg.de\\\/en\\\/\",\"name\":\"Anahata Yoga Heidelberg\",\"description\":\"Yoga in Heidelberg\",\"publisher\":{\"@id\":\"https:\\\/\\\/anahata-yoga-heidelberg.de\\\/en\\\/#organization\"},\"potentialAction\":[{\"@type\":\"SearchAction\",\"target\":{\"@type\":\"EntryPoint\",\"urlTemplate\":\"https:\\\/\\\/anahata-yoga-heidelberg.de\\\/en\\\/?s={search_term_string}\"},\"query-input\":{\"@type\":\"PropertyValueSpecification\",\"valueRequired\":true,\"valueName\":\"search_term_string\"}}],\"inLanguage\":\"en-US\"},{\"@type\":\"Organization\",\"@id\":\"https:\\\/\\\/anahata-yoga-heidelberg.de\\\/en\\\/#organization\",\"name\":\"Anahata Yoga Heidelberg\",\"url\":\"https:\\\/\\\/anahata-yoga-heidelberg.de\\\/en\\\/\",\"logo\":{\"@type\":\"ImageObject\",\"inLanguage\":\"en-US\",\"@id\":\"https:\\\/\\\/anahata-yoga-heidelberg.de\\\/en\\\/#\\\/schema\\\/logo\\\/image\\\/\",\"url\":\"https:\\\/\\\/anahata-yoga-heidelberg.de\\\/wp-content\\\/uploads\\\/2023\\\/05\\\/cropped-cropped-logoshot3.jpg\",\"contentUrl\":\"https:\\\/\\\/anahata-yoga-heidelberg.de\\\/wp-content\\\/uploads\\\/2023\\\/05\\\/cropped-cropped-logoshot3.jpg\",\"width\":512,\"height\":512,\"caption\":\"Anahata Yoga Heidelberg\"},\"image\":{\"@id\":\"https:\\\/\\\/anahata-yoga-heidelberg.de\\\/en\\\/#\\\/schema\\\/logo\\\/image\\\/\"},\"sameAs\":[\"https:\\\/\\\/www.facebook.com\\\/YogaInHeidelberg\\\/\",\"https:\\\/\\\/www.instagram.com\\\/anahata.yoga.heidelberg\\\/\"],\"description\":\"Anahata Yoga Heidelberg ist das famili\u00e4re Yogastudio in Heidelberg-Handschuhsheim. Hier findest Du individuelle Betreuung in \u00fcberschaubaren Gruppen oder beim Einzelunterricht. Auf diese Weise erm\u00f6glichen wir Anf\u00e4ngern einen soliden Einstieg ins Yoga und Fortgeschrittenen eine individuelle Entwicklung ihres eigenen Yogaweges.\",\"email\":\"info@anahata-yoga-heidelberg.de\",\"telephone\":\"01714509409\",\"foundingDate\":\"2016-10-01\"}]}<\/script>\n<!-- \/ Yoast SEO Premium plugin. -->","yoast_head_json":{"title":"Find Yoga in Heidelberg","robots":{"index":"index","follow":"follow","max-snippet":"max-snippet:-1","max-image-preview":"max-image-preview:large","max-video-preview":"max-video-preview:-1"},"canonical":"https:\/\/anahata-yoga-heidelberg.de\/en\/contact\/","og_locale":"en_US","og_type":"article","og_title":"Contact","og_description":"Your Yogastudio in Heidelberg-Handschuhsheim Adress: Michael Morsch Anahata Yoga Heidelberg Steubenstrasse 14, 69121 Heidelberg &#8211; Handschuhsheim Telefon \/ Whatsapp: 0171\/4509409 email: info@anahatayogaheidelberg.de Click here for registration: [googlemaps https:\/\/www.google.com\/maps\/embed?pb=!1m14!1m8!1m3!1d10380.93366123242!2d8.688602!3d49.423401!3m2!1i1024!2i768!4f13.1!3m3!1m2!1s0x0%3A0x8279925b6fe814ee!2sAnahata+Yoga+Heidelberg!5e0!3m2!1sde!2sde!4v1519390630378&amp;w=600&amp;h=450] Hier findest Du mich auf Google Maps Studio: Steubenstrasse 14 \u2014 69121 Heidelberg To get more information send me a message by [&hellip;]","og_url":"https:\/\/anahata-yoga-heidelberg.de\/en\/contact\/","og_site_name":"Anahata Yoga Heidelberg","article_publisher":"https:\/\/www.facebook.com\/YogaInHeidelberg\/","article_modified_time":"2024-12-14T15:06:03+00:00","og_image":[{"width":1365,"height":768,"url":"https:\/\/anahata-yoga-heidelberg.de\/wp-content\/uploads\/2023\/09\/020230914_185740-Mittel-Kopie-jpg.webp","type":"image\/jpeg"}],"twitter_card":"summary_large_image","twitter_misc":{"Est. reading time":"1 minute"},"schema":{"@context":"https:\/\/schema.org","@graph":[{"@type":"WebPage","@id":"https:\/\/anahata-yoga-heidelberg.de\/en\/contact\/","url":"https:\/\/anahata-yoga-heidelberg.de\/en\/contact\/","name":"Find Yoga in Heidelberg","isPartOf":{"@id":"https:\/\/anahata-yoga-heidelberg.de\/en\/#website"},"primaryImageOfPage":{"@id":"https:\/\/anahata-yoga-heidelberg.de\/en\/contact\/#primaryimage"},"image":{"@id":"https:\/\/anahata-yoga-heidelberg.de\/en\/contact\/#primaryimage"},"thumbnailUrl":"https:\/\/anahata-yoga-heidelberg.de\/wp-content\/uploads\/2023\/09\/020230914_185740-Mittel-Kopie-jpg.webp","datePublished":"2021-07-12T17:00:11+00:00","dateModified":"2024-12-14T15:06:03+00:00","breadcrumb":{"@id":"https:\/\/anahata-yoga-heidelberg.de\/en\/contact\/#breadcrumb"},"inLanguage":"en-US","potentialAction":[{"@type":"ReadAction","target":["https:\/\/anahata-yoga-heidelberg.de\/en\/contact\/"]}]},{"@type":"ImageObject","inLanguage":"en-US","@id":"https:\/\/anahata-yoga-heidelberg.de\/en\/contact\/#primaryimage","url":"https:\/\/anahata-yoga-heidelberg.de\/wp-content\/uploads\/2023\/09\/020230914_185740-Mittel-Kopie-jpg.webp","contentUrl":"https:\/\/anahata-yoga-heidelberg.de\/wp-content\/uploads\/2023\/09\/020230914_185740-Mittel-Kopie-jpg.webp","width":1365,"height":768},{"@type":"BreadcrumbList","@id":"https:\/\/anahata-yoga-heidelberg.de\/en\/contact\/#breadcrumb","itemListElement":[{"@type":"ListItem","position":1,"name":"Startseite","item":"https:\/\/anahata-yoga-heidelberg.de\/en\/"},{"@type":"ListItem","position":2,"name":"Contact"}]},{"@type":"WebSite","@id":"https:\/\/anahata-yoga-heidelberg.de\/en\/#website","url":"https:\/\/anahata-yoga-heidelberg.de\/en\/","name":"Anahata Yoga Heidelberg","description":"Yoga in Heidelberg","publisher":{"@id":"https:\/\/anahata-yoga-heidelberg.de\/en\/#organization"},"potentialAction":[{"@type":"SearchAction","target":{"@type":"EntryPoint","urlTemplate":"https:\/\/anahata-yoga-heidelberg.de\/en\/?s={search_term_string}"},"query-input":{"@type":"PropertyValueSpecification","valueRequired":true,"valueName":"search_term_string"}}],"inLanguage":"en-US"},{"@type":"Organization","@id":"https:\/\/anahata-yoga-heidelberg.de\/en\/#organization","name":"Anahata Yoga Heidelberg","url":"https:\/\/anahata-yoga-heidelberg.de\/en\/","logo":{"@type":"ImageObject","inLanguage":"en-US","@id":"https:\/\/anahata-yoga-heidelberg.de\/en\/#\/schema\/logo\/image\/","url":"https:\/\/anahata-yoga-heidelberg.de\/wp-content\/uploads\/2023\/05\/cropped-cropped-logoshot3.jpg","contentUrl":"https:\/\/anahata-yoga-heidelberg.de\/wp-content\/uploads\/2023\/05\/cropped-cropped-logoshot3.jpg","width":512,"height":512,"caption":"Anahata Yoga Heidelberg"},"image":{"@id":"https:\/\/anahata-yoga-heidelberg.de\/en\/#\/schema\/logo\/image\/"},"sameAs":["https:\/\/www.facebook.com\/YogaInHeidelberg\/","https:\/\/www.instagram.com\/anahata.yoga.heidelberg\/"],"description":"Anahata Yoga Heidelberg ist das famili\u00e4re Yogastudio in Heidelberg-Handschuhsheim. Hier findest Du individuelle Betreuung in \u00fcberschaubaren Gruppen oder beim Einzelunterricht. Auf diese Weise erm\u00f6glichen wir Anf\u00e4ngern einen soliden Einstieg ins Yoga und Fortgeschrittenen eine individuelle Entwicklung ihres eigenen Yogaweges.","email":"info@anahata-yoga-heidelberg.de","telephone":"01714509409","foundingDate":"2016-10-01"}]}},"_links":{"self":[{"href":"https:\/\/anahata-yoga-heidelberg.de\/en\/wp-json\/wp\/v2\/pages\/4110","targetHints":{"allow":["GET"]}}],"collection":[{"href":"https:\/\/anahata-yoga-heidelberg.de\/en\/wp-json\/wp\/v2\/pages"}],"about":[{"href":"https:\/\/anahata-yoga-heidelberg.de\/en\/wp-json\/wp\/v2\/types\/page"}],"author":[{"embeddable":true,"href":"https:\/\/anahata-yoga-heidelberg.de\/en\/wp-json\/wp\/v2\/users\/1"}],"replies":[{"embeddable":true,"href":"https:\/\/anahata-yoga-heidelberg.de\/en\/wp-json\/wp\/v2\/comments?post=4110"}],"version-history":[{"count":1,"href":"https:\/\/anahata-yoga-heidelberg.de\/en\/wp-json\/wp\/v2\/pages\/4110\/revisions"}],"predecessor-version":[{"id":4737,"href":"https:\/\/anahata-yoga-heidelberg.de\/en\/wp-json\/wp\/v2\/pages\/4110\/revisions\/4737"}],"wp:featuredmedia":[{"embeddable":true,"href":"https:\/\/anahata-yoga-heidelberg.de\/en\/wp-json\/wp\/v2\/media\/4699"}],"wp:attachment":[{"href":"https:\/\/anahata-yoga-heidelberg.de\/en\/wp-json\/wp\/v2\/media?parent=4110"}],"curies":[{"name":"wp","href":"https:\/\/api.w.org\/{rel}","templated":true}]}}