{"id":3823,"date":"2017-11-25T18:25:25","date_gmt":"2017-11-25T16:25:25","guid":{"rendered":"https:\/\/anahata-yoga-heidelberg.de\/kursangebot\/"},"modified":"2025-01-24T17:46:14","modified_gmt":"2025-01-24T15:46:14","slug":"kursangebot","status":"publish","type":"page","link":"https:\/\/anahata-yoga-heidelberg.de\/en\/kursangebot\/","title":{"rendered":"Yogastunden und Kurse"},"content":{"rendered":"<h1>Auf dieser Seite findest Du eine Beschreibung meiner Yogastunden und Kurse.<\/h1>\n<h4 style=\"text-align: center;\">Die genauen Kurszeiten findest Du auf unserer Anmeldeseite:<\/h4>\n<p>&nbsp;<\/p>\n<h2><a href=\"https:\/\/anahata-yoga-heidelberg.de\/kursplan-und-preise\/\"><img loading=\"lazy\" decoding=\"async\" class=\"alignnone wp-image-2300 aligncenter\" src=\"https:\/\/anahata-yoga-heidelberg.de\/wp-content\/uploads\/2018\/04\/button.png\" alt=\"button\" width=\"274\" height=\"92\" srcset=\"https:\/\/anahata-yoga-heidelberg.de\/wp-content\/uploads\/2018\/04\/button.png 348w, https:\/\/anahata-yoga-heidelberg.de\/wp-content\/uploads\/2018\/04\/button-300x101.png 300w\" sizes=\"auto, (max-width: 274px) 100vw, 274px\" \/><\/a><\/h2>\n<p>Sollte ein Kurs hier nicht angeboten werden, ist es m\u00f6glich per Email,\u00a0 WhatsApp oder Telefon einen Sondertermin zu vereinbaren. Voraussetzung w\u00e4re eine Mindestteilnehmerzahl von vier Personen.<\/p>\n<h2><span style=\"color: #333399;\">Vinyasa Flow &#8211;\u00a0<strong>Anahatha Yoga<\/strong><\/span><\/h2>\n<h4><b>Erfahre Deinen K\u00f6rper, verbinde ihn mit Atmung und Geist<\/b><\/h4>\n<p>Am Anfang stehen Atem\u00fcbungen und Mediation. Dann beginnst Du Deinen K\u00f6rper zuerst sanft, dann mehr und mehr zu bewegen, aufzuw\u00e4rmen, zu dehnen. Dein Kreislauf kommt in Schwung, K\u00f6rper und Geist werden vitalisiert. Die \u00dcbungen werden intensiver und erfassen jeden Teil Deines Bewegungsapparates. Die Tiefenentspannung am Ende der Stunde entspannt Deine Muskulatur und beruhigt Deinen Geist.<\/p>\n<p>Asana und Flows: Vinyasa und 5-Elemente Form<\/p>\n<h4>F\u00fcr Anf\u00e4nger und Fortgeschrittene<\/h4>\n<h4 style=\"text-align: center;\"><a href=\"https:\/\/anahata-yoga-heidelberg.de\/kursplan-und-preise\/\">Hier klicken zur Anmeldung:<\/a><\/h4>\n<h2><a href=\"https:\/\/anahata-yoga-heidelberg.de\/kursplan-und-preise\/\"><img loading=\"lazy\" decoding=\"async\" class=\"alignnone wp-image-2300 aligncenter\" src=\"https:\/\/anahata-yoga-heidelberg.de\/wp-content\/uploads\/2018\/04\/button.png\" alt=\"button\" width=\"274\" height=\"92\" srcset=\"https:\/\/anahata-yoga-heidelberg.de\/wp-content\/uploads\/2018\/04\/button.png 348w, https:\/\/anahata-yoga-heidelberg.de\/wp-content\/uploads\/2018\/04\/button-300x101.png 300w\" sizes=\"auto, (max-width: 274px) 100vw, 274px\" \/><\/a><\/h2>\n<h2>Yoga f\u00fcr R\u00fccken und Schultern<\/h2>\n<p>Das<span>\u00a0<\/span><strong>Ziel<\/strong>\u00a0von Vinyasa Flow f\u00fcr R\u00fccken und Schultern\u00a0ist die Integration von<span>\u00a0<\/span><strong>Yoga\u00a0 bei Pr\u00e4vention und Therapie von Schmerzen und Verspannungen in R\u00fccken, Schultern und Nacken<\/strong>. Auch Haltungsprobleme k\u00f6nnen mit Yoga wirkungsvoll behandelt werden, denn Yoga ist ein Jahrtausende<span>\u00a0<\/span><strong>erprobtes<\/strong><span>\u00a0<\/span>indisches\u00a0\u00dcbungssystem, um K\u00f6rper und Seele in Einklang zu bringen.<\/p>\n<p>Yoga kann Sie bei der<span>\u00a0<\/span><strong>Vorbeugung<\/strong><span>\u00a0<\/span>und<span>\u00a0<\/span><strong>Behandlung<\/strong><span>\u00a0<\/span>vieler Krankheitsbilder unterst\u00fctzen. Die<span>\u00a0<\/span><strong>positive Wirkung<\/strong><span>\u00a0<\/span>von Yoga ist bereits seit l\u00e4ngerem<span>\u00a0<\/span><strong>wissenschaftlich nachgewiesen<\/strong>.<\/p>\n<p>Schon<span>\u00a0<\/span><strong>nach einer \u00dcbungseinheit<\/strong><span>\u00a0<\/span>kannst Du Dich<span>\u00a0<\/span><strong>besser bewegen<\/strong>\u00a0und hast\u00a0<strong>lockere Schultern<\/strong>\u00a0und\u00a0einen\u00a0<strong>schmerzfreien<span>\u00a0<\/span><\/strong>R\u00fccken. Viele f\u00fchlen sich innerhalb k\u00fcrzester\u00a0Zeit sowohl<span>\u00a0<\/span><strong>k\u00f6rperlich<\/strong><span>\u00a0<\/span>als auch<span>\u00a0<\/span><strong>geistig entspannt.<\/strong><\/p>\n<p>Auf l\u00e4ngere Sicht wird Dein\u00a0<strong>K\u00f6rper geschmeidiger<\/strong><span>\u00a0<\/span>und<span>\u00a0<\/span><strong>kr\u00e4ftiger<\/strong>. Du wirst ausgeglichener, wodurch Du Dein Leben<span>\u00a0<\/span><strong>positiver<\/strong><span>\u00a0<\/span>und<span>\u00a0<\/span><strong>gelassener<\/strong><span>\u00a0<\/span>angehen und meistern kannst.<\/p>\n<p>Asana und Flows: Vinyasa und 5-Elemente Form<\/p>\n<h4>F\u00fcr Anf\u00e4nger und Fortgeschrittene<\/h4>\n<h4 style=\"text-align: center;\"><a href=\"https:\/\/anahata-yoga-heidelberg.de\/kursplan-und-preise\/\">Hier klicken zur Anmeldung:<\/a><\/h4>\n<h2><a href=\"https:\/\/anahata-yoga-heidelberg.de\/kursplan-und-preise\/\"><img loading=\"lazy\" decoding=\"async\" class=\"alignnone wp-image-2300 aligncenter\" src=\"https:\/\/anahata-yoga-heidelberg.de\/wp-content\/uploads\/2018\/04\/button.png\" alt=\"button\" width=\"274\" height=\"92\" srcset=\"https:\/\/anahata-yoga-heidelberg.de\/wp-content\/uploads\/2018\/04\/button.png 348w, https:\/\/anahata-yoga-heidelberg.de\/wp-content\/uploads\/2018\/04\/button-300x101.png 300w\" sizes=\"auto, (max-width: 274px) 100vw, 274px\" \/><\/a><\/h2>\n<h2><span style=\"color: #000080;\">Yoga &amp; Meditation<\/span><\/h2>\n<h4><strong>Finde Deine Mitte &#8211; Einf\u00fchrung in Haltung, Atem- und Meditationstechniken<\/strong><\/h4>\n<p>Dasitzen und still sein? Das ist einfach gesagt, als es dann in der Praxis geschieht.\u00a0Denn Meditation ist mehr als einfach dasitzen und still sein. Erfahrungsgem\u00e4\u00df braucht der Geist eine sinnvolle, strukturierte Anleitung, um zur Ruhe zu kommen.<\/p>\n<p>In dieser \u00dcbungseinheit\u00a0 \u00fcbst Du Asana (K\u00f6rperhaltungen und Flows) die Atmung und Meditationssitz unterst\u00fctzen und vorbereiten. Wir finden die Haltung, die zu Dir passt und trainieren die verschiedenen Atemtechniken, K\u00f6rperwahrnehmungen und Visualisierungen, die Dir helfen, zur Ruhe und in Deine Mitte zu kommen. Am Ende der Stunde gibt es ein ausgedehntes Yoga Nidra.<\/p>\n<h4>F\u00fcr Anf\u00e4nger und Fortgeschrittene<\/h4>\n<h4 style=\"text-align: center;\"><a href=\"https:\/\/anahata-yoga-heidelberg.de\/kursplan-und-preise\/\">Hier klicken zur Anmeldung:<\/a><\/h4>\n<h2><a href=\"https:\/\/anahata-yoga-heidelberg.de\/kursplan-und-preise\/\"><img loading=\"lazy\" decoding=\"async\" class=\"alignnone wp-image-2300 aligncenter\" src=\"https:\/\/anahata-yoga-heidelberg.de\/wp-content\/uploads\/2018\/04\/button.png\" alt=\"button\" width=\"274\" height=\"92\" srcset=\"https:\/\/anahata-yoga-heidelberg.de\/wp-content\/uploads\/2018\/04\/button.png 348w, https:\/\/anahata-yoga-heidelberg.de\/wp-content\/uploads\/2018\/04\/button-300x101.png 300w\" sizes=\"auto, (max-width: 274px) 100vw, 274px\" \/><\/a><\/h2>\n<h2><span style=\"color: #000080;\">Early Bird&#8217;s Yoga &#8211; Sanfter Stretch in den Tag<\/span><\/h2>\n<p><strong>Morgenstund&#8230;<\/strong><br \/>\n<strong> &#8230;vertreibe M\u00fcdigkeit und Schwere aus K\u00f6rper und Geist.<\/strong><\/p>\n<p>Du kommst an mit einer kurzen Mediation, beginnst Deinen K\u00f6rper zuerst sanft, dann mehr und mehr zu bewegen, aufzuw\u00e4rmen, zu dehnen. Dein Kreislauf kommt in Schwung, K\u00f6rper und Geist werden vitalisiert. Die abschlie\u00dfende Tiefeinentspannung verleiht Dir Kraft und Stabilit\u00e4t f\u00fcr den Tag.<\/p>\n<p>Asana und Flows: Vinyasa und 5-Elemente Form<\/p>\n<h4>F\u00fcr Anf\u00e4nger und Fortgeschrittene<\/h4>\n<h4 style=\"text-align: center;\"><a href=\"https:\/\/anahata-yoga-heidelberg.de\/?page_id=2004\">Hier klicken zur Anmeldung:<\/a><\/h4>\n<h2><a href=\"https:\/\/anahata-yoga-heidelberg.de\/?page_id=2004\"><img loading=\"lazy\" decoding=\"async\" class=\"alignnone wp-image-2300 aligncenter\" src=\"https:\/\/anahata-yoga-heidelberg.de\/wp-content\/uploads\/2018\/04\/button.png\" alt=\"button\" width=\"274\" height=\"92\" scale=\"0\" srcset=\"https:\/\/anahata-yoga-heidelberg.de\/wp-content\/uploads\/2018\/04\/button.png 348w, https:\/\/anahata-yoga-heidelberg.de\/wp-content\/uploads\/2018\/04\/button-300x101.png 300w\" sizes=\"auto, (max-width: 274px) 100vw, 274px\" \/><\/a><\/h2>\n<h2><a href=\"https:\/\/anahata-yoga-heidelberg.de\/kursplan-und-preise\/\"><\/a><\/h2>\n","protected":false},"excerpt":{"rendered":"<p>Auf dieser Seite findest Du eine Beschreibung meiner Yogastunden und Kurse. Die genauen Kurszeiten findest Du auf unserer Anmeldeseite: &nbsp; Sollte ein Kurs hier nicht angeboten werden, ist es m\u00f6glich per Email,\u00a0 WhatsApp oder Telefon einen Sondertermin zu vereinbaren. Voraussetzung w\u00e4re eine Mindestteilnehmerzahl von vier Personen. Vinyasa Flow &#8211;\u00a0Anahatha Yoga [&hellip;]<\/p>\n","protected":false},"author":1,"featured_media":3411,"parent":0,"menu_order":0,"comment_status":"closed","ping_status":"closed","template":"","meta":{"footnotes":""},"class_list":["post-3823","page","type-page","status-publish","has-post-thumbnail","hentry"],"yoast_head":"<!-- This site is optimized with the Yoast SEO Premium plugin v26.1 (Yoast SEO v27.3) - https:\/\/yoast.com\/product\/yoast-seo-premium-wordpress\/ -->\n<title>Yoga Heidelberg English Classes<\/title>\n<meta name=\"description\" content=\"Auf dieser Seite findest Du eine Beschreibung der Yogastunden und Kurse, die wir anbieten\" \/>\n<meta name=\"robots\" content=\"index, follow, max-snippet:-1, max-image-preview:large, max-video-preview:-1\" \/>\n<link rel=\"canonical\" href=\"https:\/\/anahata-yoga-heidelberg.de\/en\/kursangebot\/\" \/>\n<meta property=\"og:locale\" content=\"en_US\" \/>\n<meta property=\"og:type\" content=\"article\" \/>\n<meta property=\"og:title\" content=\"Yogastunden und Kurse\" \/>\n<meta property=\"og:description\" content=\"Auf dieser Seite findest Du eine Beschreibung der Yogastunden und Kurse, die wir anbieten\" \/>\n<meta property=\"og:url\" content=\"https:\/\/anahata-yoga-heidelberg.de\/en\/kursangebot\/\" \/>\n<meta property=\"og:site_name\" content=\"Anahata Yoga Heidelberg\" \/>\n<meta property=\"article:publisher\" content=\"https:\/\/www.facebook.com\/YogaInHeidelberg\/\" \/>\n<meta property=\"article:modified_time\" content=\"2025-01-24T15:46:14+00:00\" \/>\n<meta property=\"og:image\" content=\"https:\/\/anahata-yoga-heidelberg.de\/wp-content\/uploads\/2018\/08\/IMG_4605_InPixio.jpg\" \/>\n\t<meta property=\"og:image:width\" content=\"1800\" \/>\n\t<meta property=\"og:image:height\" content=\"1200\" \/>\n\t<meta property=\"og:image:type\" content=\"image\/jpeg\" \/>\n<meta name=\"twitter:card\" content=\"summary_large_image\" \/>\n<meta name=\"twitter:label1\" content=\"Est. reading time\" \/>\n\t<meta name=\"twitter:data1\" content=\"4 minutes\" \/>\n<script type=\"application\/ld+json\" class=\"yoast-schema-graph\">{\"@context\":\"https:\\\/\\\/schema.org\",\"@graph\":[{\"@type\":\"WebPage\",\"@id\":\"https:\\\/\\\/anahata-yoga-heidelberg.de\\\/en\\\/kursangebot\\\/\",\"url\":\"https:\\\/\\\/anahata-yoga-heidelberg.de\\\/en\\\/kursangebot\\\/\",\"name\":\"Yoga Heidelberg English Classes\",\"isPartOf\":{\"@id\":\"https:\\\/\\\/anahata-yoga-heidelberg.de\\\/en\\\/#website\"},\"primaryImageOfPage\":{\"@id\":\"https:\\\/\\\/anahata-yoga-heidelberg.de\\\/en\\\/kursangebot\\\/#primaryimage\"},\"image\":{\"@id\":\"https:\\\/\\\/anahata-yoga-heidelberg.de\\\/en\\\/kursangebot\\\/#primaryimage\"},\"thumbnailUrl\":\"https:\\\/\\\/anahata-yoga-heidelberg.de\\\/wp-content\\\/uploads\\\/2018\\\/08\\\/IMG_4605_InPixio.jpg\",\"datePublished\":\"2017-11-25T16:25:25+00:00\",\"dateModified\":\"2025-01-24T15:46:14+00:00\",\"description\":\"Auf dieser Seite findest Du eine Beschreibung der Yogastunden und Kurse, die wir anbieten\",\"breadcrumb\":{\"@id\":\"https:\\\/\\\/anahata-yoga-heidelberg.de\\\/en\\\/kursangebot\\\/#breadcrumb\"},\"inLanguage\":\"en-US\",\"potentialAction\":[{\"@type\":\"ReadAction\",\"target\":[\"https:\\\/\\\/anahata-yoga-heidelberg.de\\\/en\\\/kursangebot\\\/\"]}]},{\"@type\":\"ImageObject\",\"inLanguage\":\"en-US\",\"@id\":\"https:\\\/\\\/anahata-yoga-heidelberg.de\\\/en\\\/kursangebot\\\/#primaryimage\",\"url\":\"https:\\\/\\\/anahata-yoga-heidelberg.de\\\/wp-content\\\/uploads\\\/2018\\\/08\\\/IMG_4605_InPixio.jpg\",\"contentUrl\":\"https:\\\/\\\/anahata-yoga-heidelberg.de\\\/wp-content\\\/uploads\\\/2018\\\/08\\\/IMG_4605_InPixio.jpg\",\"width\":1800,\"height\":1200},{\"@type\":\"BreadcrumbList\",\"@id\":\"https:\\\/\\\/anahata-yoga-heidelberg.de\\\/en\\\/kursangebot\\\/#breadcrumb\",\"itemListElement\":[{\"@type\":\"ListItem\",\"position\":1,\"name\":\"Startseite\",\"item\":\"https:\\\/\\\/anahata-yoga-heidelberg.de\\\/en\\\/\"},{\"@type\":\"ListItem\",\"position\":2,\"name\":\"Yogastunden und Kurse\"}]},{\"@type\":\"WebSite\",\"@id\":\"https:\\\/\\\/anahata-yoga-heidelberg.de\\\/en\\\/#website\",\"url\":\"https:\\\/\\\/anahata-yoga-heidelberg.de\\\/en\\\/\",\"name\":\"Anahata Yoga Heidelberg\",\"description\":\"Yoga in Heidelberg\",\"publisher\":{\"@id\":\"https:\\\/\\\/anahata-yoga-heidelberg.de\\\/en\\\/#organization\"},\"potentialAction\":[{\"@type\":\"SearchAction\",\"target\":{\"@type\":\"EntryPoint\",\"urlTemplate\":\"https:\\\/\\\/anahata-yoga-heidelberg.de\\\/en\\\/?s={search_term_string}\"},\"query-input\":{\"@type\":\"PropertyValueSpecification\",\"valueRequired\":true,\"valueName\":\"search_term_string\"}}],\"inLanguage\":\"en-US\"},{\"@type\":\"Organization\",\"@id\":\"https:\\\/\\\/anahata-yoga-heidelberg.de\\\/en\\\/#organization\",\"name\":\"Anahata Yoga Heidelberg\",\"url\":\"https:\\\/\\\/anahata-yoga-heidelberg.de\\\/en\\\/\",\"logo\":{\"@type\":\"ImageObject\",\"inLanguage\":\"en-US\",\"@id\":\"https:\\\/\\\/anahata-yoga-heidelberg.de\\\/en\\\/#\\\/schema\\\/logo\\\/image\\\/\",\"url\":\"https:\\\/\\\/anahata-yoga-heidelberg.de\\\/wp-content\\\/uploads\\\/2023\\\/05\\\/cropped-cropped-logoshot3.jpg\",\"contentUrl\":\"https:\\\/\\\/anahata-yoga-heidelberg.de\\\/wp-content\\\/uploads\\\/2023\\\/05\\\/cropped-cropped-logoshot3.jpg\",\"width\":512,\"height\":512,\"caption\":\"Anahata Yoga Heidelberg\"},\"image\":{\"@id\":\"https:\\\/\\\/anahata-yoga-heidelberg.de\\\/en\\\/#\\\/schema\\\/logo\\\/image\\\/\"},\"sameAs\":[\"https:\\\/\\\/www.facebook.com\\\/YogaInHeidelberg\\\/\",\"https:\\\/\\\/www.instagram.com\\\/anahata.yoga.heidelberg\\\/\"],\"description\":\"Anahata Yoga Heidelberg ist das famili\u00e4re Yogastudio in Heidelberg-Handschuhsheim. Hier findest Du individuelle Betreuung in \u00fcberschaubaren Gruppen oder beim Einzelunterricht. Auf diese Weise erm\u00f6glichen wir Anf\u00e4ngern einen soliden Einstieg ins Yoga und Fortgeschrittenen eine individuelle Entwicklung ihres eigenen Yogaweges.\",\"email\":\"info@anahata-yoga-heidelberg.de\",\"telephone\":\"01714509409\",\"foundingDate\":\"2016-10-01\"}]}<\/script>\n<!-- \/ Yoast SEO Premium plugin. -->","yoast_head_json":{"title":"Yoga Heidelberg English Classes","description":"Auf dieser Seite findest Du eine Beschreibung der Yogastunden und Kurse, die wir anbieten","robots":{"index":"index","follow":"follow","max-snippet":"max-snippet:-1","max-image-preview":"max-image-preview:large","max-video-preview":"max-video-preview:-1"},"canonical":"https:\/\/anahata-yoga-heidelberg.de\/en\/kursangebot\/","og_locale":"en_US","og_type":"article","og_title":"Yogastunden und Kurse","og_description":"Auf dieser Seite findest Du eine Beschreibung der Yogastunden und Kurse, die wir anbieten","og_url":"https:\/\/anahata-yoga-heidelberg.de\/en\/kursangebot\/","og_site_name":"Anahata Yoga Heidelberg","article_publisher":"https:\/\/www.facebook.com\/YogaInHeidelberg\/","article_modified_time":"2025-01-24T15:46:14+00:00","og_image":[{"width":1800,"height":1200,"url":"https:\/\/anahata-yoga-heidelberg.de\/wp-content\/uploads\/2018\/08\/IMG_4605_InPixio.jpg","type":"image\/jpeg"}],"twitter_card":"summary_large_image","twitter_misc":{"Est. reading time":"4 minutes"},"schema":{"@context":"https:\/\/schema.org","@graph":[{"@type":"WebPage","@id":"https:\/\/anahata-yoga-heidelberg.de\/en\/kursangebot\/","url":"https:\/\/anahata-yoga-heidelberg.de\/en\/kursangebot\/","name":"Yoga Heidelberg English Classes","isPartOf":{"@id":"https:\/\/anahata-yoga-heidelberg.de\/en\/#website"},"primaryImageOfPage":{"@id":"https:\/\/anahata-yoga-heidelberg.de\/en\/kursangebot\/#primaryimage"},"image":{"@id":"https:\/\/anahata-yoga-heidelberg.de\/en\/kursangebot\/#primaryimage"},"thumbnailUrl":"https:\/\/anahata-yoga-heidelberg.de\/wp-content\/uploads\/2018\/08\/IMG_4605_InPixio.jpg","datePublished":"2017-11-25T16:25:25+00:00","dateModified":"2025-01-24T15:46:14+00:00","description":"Auf dieser Seite findest Du eine Beschreibung der Yogastunden und Kurse, die wir anbieten","breadcrumb":{"@id":"https:\/\/anahata-yoga-heidelberg.de\/en\/kursangebot\/#breadcrumb"},"inLanguage":"en-US","potentialAction":[{"@type":"ReadAction","target":["https:\/\/anahata-yoga-heidelberg.de\/en\/kursangebot\/"]}]},{"@type":"ImageObject","inLanguage":"en-US","@id":"https:\/\/anahata-yoga-heidelberg.de\/en\/kursangebot\/#primaryimage","url":"https:\/\/anahata-yoga-heidelberg.de\/wp-content\/uploads\/2018\/08\/IMG_4605_InPixio.jpg","contentUrl":"https:\/\/anahata-yoga-heidelberg.de\/wp-content\/uploads\/2018\/08\/IMG_4605_InPixio.jpg","width":1800,"height":1200},{"@type":"BreadcrumbList","@id":"https:\/\/anahata-yoga-heidelberg.de\/en\/kursangebot\/#breadcrumb","itemListElement":[{"@type":"ListItem","position":1,"name":"Startseite","item":"https:\/\/anahata-yoga-heidelberg.de\/en\/"},{"@type":"ListItem","position":2,"name":"Yogastunden und Kurse"}]},{"@type":"WebSite","@id":"https:\/\/anahata-yoga-heidelberg.de\/en\/#website","url":"https:\/\/anahata-yoga-heidelberg.de\/en\/","name":"Anahata Yoga Heidelberg","description":"Yoga in Heidelberg","publisher":{"@id":"https:\/\/anahata-yoga-heidelberg.de\/en\/#organization"},"potentialAction":[{"@type":"SearchAction","target":{"@type":"EntryPoint","urlTemplate":"https:\/\/anahata-yoga-heidelberg.de\/en\/?s={search_term_string}"},"query-input":{"@type":"PropertyValueSpecification","valueRequired":true,"valueName":"search_term_string"}}],"inLanguage":"en-US"},{"@type":"Organization","@id":"https:\/\/anahata-yoga-heidelberg.de\/en\/#organization","name":"Anahata Yoga Heidelberg","url":"https:\/\/anahata-yoga-heidelberg.de\/en\/","logo":{"@type":"ImageObject","inLanguage":"en-US","@id":"https:\/\/anahata-yoga-heidelberg.de\/en\/#\/schema\/logo\/image\/","url":"https:\/\/anahata-yoga-heidelberg.de\/wp-content\/uploads\/2023\/05\/cropped-cropped-logoshot3.jpg","contentUrl":"https:\/\/anahata-yoga-heidelberg.de\/wp-content\/uploads\/2023\/05\/cropped-cropped-logoshot3.jpg","width":512,"height":512,"caption":"Anahata Yoga Heidelberg"},"image":{"@id":"https:\/\/anahata-yoga-heidelberg.de\/en\/#\/schema\/logo\/image\/"},"sameAs":["https:\/\/www.facebook.com\/YogaInHeidelberg\/","https:\/\/www.instagram.com\/anahata.yoga.heidelberg\/"],"description":"Anahata Yoga Heidelberg ist das famili\u00e4re Yogastudio in Heidelberg-Handschuhsheim. Hier findest Du individuelle Betreuung in \u00fcberschaubaren Gruppen oder beim Einzelunterricht. Auf diese Weise erm\u00f6glichen wir Anf\u00e4ngern einen soliden Einstieg ins Yoga und Fortgeschrittenen eine individuelle Entwicklung ihres eigenen Yogaweges.","email":"info@anahata-yoga-heidelberg.de","telephone":"01714509409","foundingDate":"2016-10-01"}]}},"_links":{"self":[{"href":"https:\/\/anahata-yoga-heidelberg.de\/en\/wp-json\/wp\/v2\/pages\/3823","targetHints":{"allow":["GET"]}}],"collection":[{"href":"https:\/\/anahata-yoga-heidelberg.de\/en\/wp-json\/wp\/v2\/pages"}],"about":[{"href":"https:\/\/anahata-yoga-heidelberg.de\/en\/wp-json\/wp\/v2\/types\/page"}],"author":[{"embeddable":true,"href":"https:\/\/anahata-yoga-heidelberg.de\/en\/wp-json\/wp\/v2\/users\/1"}],"replies":[{"embeddable":true,"href":"https:\/\/anahata-yoga-heidelberg.de\/en\/wp-json\/wp\/v2\/comments?post=3823"}],"version-history":[{"count":6,"href":"https:\/\/anahata-yoga-heidelberg.de\/en\/wp-json\/wp\/v2\/pages\/3823\/revisions"}],"predecessor-version":[{"id":4792,"href":"https:\/\/anahata-yoga-heidelberg.de\/en\/wp-json\/wp\/v2\/pages\/3823\/revisions\/4792"}],"wp:featuredmedia":[{"embeddable":true,"href":"https:\/\/anahata-yoga-heidelberg.de\/en\/wp-json\/wp\/v2\/media\/3411"}],"wp:attachment":[{"href":"https:\/\/anahata-yoga-heidelberg.de\/en\/wp-json\/wp\/v2\/media?parent=3823"}],"curies":[{"name":"wp","href":"https:\/\/api.w.org\/{rel}","templated":true}]}}