{"id":3523,"date":"2020-01-05T23:10:26","date_gmt":"2020-01-05T21:10:26","guid":{"rendered":"https:\/\/anahata-yoga-heidelberg.de\/what-happens-in-a-class\/"},"modified":"2020-01-05T23:10:26","modified_gmt":"2020-01-05T21:10:26","slug":"what-happens-in-a-class","status":"publish","type":"page","link":"https:\/\/anahata-yoga-heidelberg.de\/en\/what-happens-in-a-class\/","title":{"rendered":"What happens in a class?"},"content":{"rendered":"<h1 style=\"padding-left: 60px;\"><strong>What happens in a class with you and your body?<\/strong><\/h1>\n<p class=\"tw-data-text tw-text-large tw-ta\" data-placeholder=\"\u00dcbersetzung\" id=\"tw-target-text\" dir=\"ltr\"><span lang=\"en\" tabindex=\"0\">At the beginning of In my lessons, I combine soft, flowing exercises from Kundalini and Vinyasa yoga as well as excerpts from the 5-element form to warm up my students and slowly attune them to the lesson. In the course of the lesson, the postures become\u00a0 more powerfully and are held for longer, but always adapted to the level of education of the students. The aim of the exercises is <strong>flexibility, strength<\/strong> and <strong>balance.<\/strong><\/span><\/p>\n<p class=\"tw-data-text tw-text-large tw-ta\" data-placeholder=\"\u00dcbersetzung\" id=\"tw-target-text\" dir=\"ltr\"><span lang=\"en\" tabindex=\"0\">My personal fascination with yoga classes is the mediation of physical exercises as <strong>meditation in motion<\/strong>.<\/span><\/p>\n<p class=\"tw-data-text tw-text-large tw-ta\" data-placeholder=\"\u00dcbersetzung\" id=\"tw-target-text\" dir=\"ltr\"><span lang=\"en\" tabindex=\"0\">The <strong>anatomically correct execution<\/strong> of the asana is more important than the &#8220;perfect&#8221; posture, because in the foreground, but the needs and physique of my students.<\/span><\/p>\n<p class=\"tw-data-text tw-text-large tw-ta\" data-placeholder=\"\u00dcbersetzung\" id=\"tw-target-text\" dir=\"ltr\"><span lang=\"en\" tabindex=\"0\">Of course, a short meditation for attunement, as well as the extensive deep relaxation to end the lesson is included.<\/span><\/p>\n<p><span>It is particularly important to me that my students practice <strong>mindfully<\/strong> and <strong>without injury<\/strong>. They should understand why they practice an asana (posture) and what benefits it has. For this reason, I take <strong>time for questions and explanations<\/strong> in the lessons, especially at the end.<\/span><\/p>\n<p class=\"tw-data-text tw-text-large tw-ta\" data-placeholder=\"\u00dcbersetzung\" id=\"tw-target-text\" dir=\"ltr\"><span lang=\"en\" tabindex=\"0\">For those who would like to practise at home, I would be happy to give recommendations and instructions for your personal practice after the lesson.<\/span><\/p>\n<h2><strong>What will change?\u00a0<\/strong><\/h2>\n<h3><strong><em>After class:<\/em><\/strong><\/h3>\n<p><span>&#8230; you should be <strong>able to move better<\/strong>, have a <strong>loose, pain-free back<\/strong> and be physically and mentally <strong>relaxed<\/strong>.<\/span><\/p>\n<h3 class=\"tw-data-text tw-text-large tw-ta\" data-placeholder=\"\u00dcbersetzung\" id=\"tw-target-text\" dir=\"ltr\"><em><strong><span lang=\"en\" tabindex=\"0\">In the longer term:<\/span><\/strong><\/em><\/h3>\n<p class=\"tw-data-text tw-text-large tw-ta\" data-placeholder=\"\u00dcbersetzung\" id=\"tw-target-text\" dir=\"ltr\"><span lang=\"en\" tabindex=\"0\">&#8230; your body will become <strong>stronger<\/strong> and <strong>more flexible<\/strong> if you <strong>practice steadily<\/strong> and <strong>carefully<\/strong>. You will be able to approach and master many circumstances \/ aspects of your life in a more <strong>positive and relaxed<\/strong> manner.<\/span><\/p>\n<h3><strong><em>Individual lessons<\/em><\/strong><\/h3>\n<p><span>&#8230; enable me to respond to your <strong>personal issues<\/strong> but also create <strong>therapy-related concepts<\/strong> or to develop a sequence with you that is specially tailored to you and your body. You will also receive<strong> instructions for your regular personal practice<\/strong> on paper or PDF.<\/span><\/p>\n<h3 style=\"padding-left: 30px;\"><a href=\"https:\/\/calendly.com\/michael-morsch\"><img loading=\"lazy\" decoding=\"async\" class=\"\" src=\"https:\/\/i1.wp.com\/anahatayogaheidelberg.com\/wp-content\/uploads\/2018\/04\/Logo-neu-button.jpg?ssl=1&amp;w=94\" alt=\"Logo neu button\" width=\"45\" height=\"47\" \/><\/a>\u00a0 \u00a0 \u00a0<a href=\"https:\/\/calendly.com\/michael-morsch\" target=\"_blank\" rel=\"noopener noreferrer\"> Registration for individual lessons at Calendly:<\/a><\/h3>\n<h3><\/h3>\n<h3><strong><em>Workshops:<\/em><\/strong><\/h3>\n<p><span>&#8230; <strong>reinforce experience<\/strong> and <strong>learning success<\/strong>. Practice intensively in a group over a <strong>weekend<\/strong> or over a <strong>week<\/strong> and <strong>feel the development<\/strong> of <strong>body and mind<\/strong>. In a whole week more happens to you!<\/span><\/p>\n<p>For Yoga weeks and weekend workshops klick <a href=\"\/?p=2161\">here:\u00a0<\/a><\/p>\n<h3><strong>For classes, schedules and registration click here:<\/strong><\/h3>\n<h3 style=\"padding-left: 30px;\"><a href=\"https:\/\/anahata-yoga-heidelberg.de\/en\/kursangebot\/\"><img loading=\"lazy\" decoding=\"async\" class=\" wp-image-3396 alignnone\" src=\"https:\/\/anahata-yoga-heidelberg.de\/wp-content\/uploads\/2018\/04\/Logo-neu-button.jpg\" alt=\"Logo neu button\" width=\"47\" height=\"49\" srcset=\"https:\/\/anahata-yoga-heidelberg.de\/wp-content\/uploads\/2018\/04\/Logo-neu-button.jpg 719w, https:\/\/anahata-yoga-heidelberg.de\/wp-content\/uploads\/2018\/04\/Logo-neu-button-290x300.jpg 290w\" sizes=\"auto, (max-width: 47px) 100vw, 47px\" \/><\/a>\u00a0 \u00a0\u00a0<a href=\"https:\/\/anahata-yoga-heidelberg.de\/en\/kursangebot\/\">Classes<\/a><\/h3>\n<h3 style=\"padding-left: 30px;\"><a href=\"https:\/\/anahata-yoga-heidelberg.de\/en\/schedule-registration-pricing\/\"><img loading=\"lazy\" decoding=\"async\" class=\" wp-image-3396 alignnone\" src=\"https:\/\/anahata-yoga-heidelberg.de\/wp-content\/uploads\/2018\/04\/Logo-neu-button.jpg\" alt=\"Logo neu button\" width=\"47\" height=\"49\" srcset=\"https:\/\/anahata-yoga-heidelberg.de\/wp-content\/uploads\/2018\/04\/Logo-neu-button.jpg 719w, https:\/\/anahata-yoga-heidelberg.de\/wp-content\/uploads\/2018\/04\/Logo-neu-button-290x300.jpg 290w\" sizes=\"auto, (max-width: 47px) 100vw, 47px\" \/>\u00a0 \u00a0 Schedule and Registration:<\/a><\/h3>\n<p><strong><em>\u00a0<\/em><\/strong><\/p>\n<p><strong><em>\u00a0<\/em><\/strong><\/p>\n","protected":false},"excerpt":{"rendered":"<p>What happens in a class with you and your body? At the beginning of In my lessons, I combine soft, flowing exercises from Kundalini and Vinyasa yoga as well as excerpts from the 5-element form to warm up my students and slowly attune them to the lesson. In the course [&hellip;]<\/p>\n","protected":false},"author":1,"featured_media":4413,"parent":0,"menu_order":5,"comment_status":"closed","ping_status":"closed","template":"","meta":{"footnotes":""},"class_list":["post-3523","page","type-page","status-publish","has-post-thumbnail","hentry"],"yoast_head":"<!-- This site is optimized with the Yoast SEO Premium plugin v26.1 (Yoast SEO v27.3) - https:\/\/yoast.com\/product\/yoast-seo-premium-wordpress\/ -->\n<title>Yoga lessons in Heidelberg<\/title>\n<meta name=\"robots\" content=\"index, follow, max-snippet:-1, max-image-preview:large, max-video-preview:-1\" \/>\n<link rel=\"canonical\" href=\"https:\/\/anahata-yoga-heidelberg.de\/en\/what-happens-in-a-class\/\" \/>\n<meta property=\"og:locale\" content=\"en_US\" \/>\n<meta property=\"og:type\" content=\"article\" \/>\n<meta property=\"og:title\" content=\"What happens in a class?\" \/>\n<meta property=\"og:description\" content=\"What happens in a class with you and your body? At the beginning of In my lessons, I combine soft, flowing exercises from Kundalini and Vinyasa yoga as well as excerpts from the 5-element form to warm up my students and slowly attune them to the lesson. In the course [&hellip;]\" \/>\n<meta property=\"og:url\" content=\"https:\/\/anahata-yoga-heidelberg.de\/en\/what-happens-in-a-class\/\" \/>\n<meta property=\"og:site_name\" content=\"Anahata Yoga Heidelberg\" \/>\n<meta property=\"article:publisher\" content=\"https:\/\/www.facebook.com\/YogaInHeidelberg\/\" \/>\n<meta property=\"og:image\" content=\"https:\/\/anahata-yoga-heidelberg.de\/wp-content\/uploads\/2022\/03\/IMG_4660a.jpg\" \/>\n\t<meta property=\"og:image:width\" content=\"850\" \/>\n\t<meta property=\"og:image:height\" content=\"565\" \/>\n\t<meta property=\"og:image:type\" content=\"image\/jpeg\" \/>\n<meta name=\"twitter:card\" content=\"summary_large_image\" \/>\n<meta name=\"twitter:label1\" content=\"Est. reading time\" \/>\n\t<meta name=\"twitter:data1\" content=\"2 minutes\" \/>\n<script type=\"application\/ld+json\" class=\"yoast-schema-graph\">{\"@context\":\"https:\\\/\\\/schema.org\",\"@graph\":[{\"@type\":\"WebPage\",\"@id\":\"https:\\\/\\\/anahata-yoga-heidelberg.de\\\/en\\\/what-happens-in-a-class\\\/\",\"url\":\"https:\\\/\\\/anahata-yoga-heidelberg.de\\\/en\\\/what-happens-in-a-class\\\/\",\"name\":\"Yoga lessons in Heidelberg\",\"isPartOf\":{\"@id\":\"https:\\\/\\\/anahata-yoga-heidelberg.de\\\/en\\\/#website\"},\"primaryImageOfPage\":{\"@id\":\"https:\\\/\\\/anahata-yoga-heidelberg.de\\\/en\\\/what-happens-in-a-class\\\/#primaryimage\"},\"image\":{\"@id\":\"https:\\\/\\\/anahata-yoga-heidelberg.de\\\/en\\\/what-happens-in-a-class\\\/#primaryimage\"},\"thumbnailUrl\":\"https:\\\/\\\/anahata-yoga-heidelberg.de\\\/wp-content\\\/uploads\\\/2022\\\/03\\\/IMG_4660a.jpg\",\"datePublished\":\"2020-01-05T21:10:26+00:00\",\"breadcrumb\":{\"@id\":\"https:\\\/\\\/anahata-yoga-heidelberg.de\\\/en\\\/what-happens-in-a-class\\\/#breadcrumb\"},\"inLanguage\":\"en-US\",\"potentialAction\":[{\"@type\":\"ReadAction\",\"target\":[\"https:\\\/\\\/anahata-yoga-heidelberg.de\\\/en\\\/what-happens-in-a-class\\\/\"]}]},{\"@type\":\"ImageObject\",\"inLanguage\":\"en-US\",\"@id\":\"https:\\\/\\\/anahata-yoga-heidelberg.de\\\/en\\\/what-happens-in-a-class\\\/#primaryimage\",\"url\":\"https:\\\/\\\/anahata-yoga-heidelberg.de\\\/wp-content\\\/uploads\\\/2022\\\/03\\\/IMG_4660a.jpg\",\"contentUrl\":\"https:\\\/\\\/anahata-yoga-heidelberg.de\\\/wp-content\\\/uploads\\\/2022\\\/03\\\/IMG_4660a.jpg\",\"width\":850,\"height\":565},{\"@type\":\"BreadcrumbList\",\"@id\":\"https:\\\/\\\/anahata-yoga-heidelberg.de\\\/en\\\/what-happens-in-a-class\\\/#breadcrumb\",\"itemListElement\":[{\"@type\":\"ListItem\",\"position\":1,\"name\":\"Startseite\",\"item\":\"https:\\\/\\\/anahata-yoga-heidelberg.de\\\/en\\\/\"},{\"@type\":\"ListItem\",\"position\":2,\"name\":\"What happens in a class?\"}]},{\"@type\":\"WebSite\",\"@id\":\"https:\\\/\\\/anahata-yoga-heidelberg.de\\\/en\\\/#website\",\"url\":\"https:\\\/\\\/anahata-yoga-heidelberg.de\\\/en\\\/\",\"name\":\"Anahata Yoga Heidelberg\",\"description\":\"Yoga in Heidelberg\",\"publisher\":{\"@id\":\"https:\\\/\\\/anahata-yoga-heidelberg.de\\\/en\\\/#organization\"},\"potentialAction\":[{\"@type\":\"SearchAction\",\"target\":{\"@type\":\"EntryPoint\",\"urlTemplate\":\"https:\\\/\\\/anahata-yoga-heidelberg.de\\\/en\\\/?s={search_term_string}\"},\"query-input\":{\"@type\":\"PropertyValueSpecification\",\"valueRequired\":true,\"valueName\":\"search_term_string\"}}],\"inLanguage\":\"en-US\"},{\"@type\":\"Organization\",\"@id\":\"https:\\\/\\\/anahata-yoga-heidelberg.de\\\/en\\\/#organization\",\"name\":\"Anahata Yoga Heidelberg\",\"url\":\"https:\\\/\\\/anahata-yoga-heidelberg.de\\\/en\\\/\",\"logo\":{\"@type\":\"ImageObject\",\"inLanguage\":\"en-US\",\"@id\":\"https:\\\/\\\/anahata-yoga-heidelberg.de\\\/en\\\/#\\\/schema\\\/logo\\\/image\\\/\",\"url\":\"https:\\\/\\\/anahata-yoga-heidelberg.de\\\/wp-content\\\/uploads\\\/2023\\\/05\\\/cropped-cropped-logoshot3.jpg\",\"contentUrl\":\"https:\\\/\\\/anahata-yoga-heidelberg.de\\\/wp-content\\\/uploads\\\/2023\\\/05\\\/cropped-cropped-logoshot3.jpg\",\"width\":512,\"height\":512,\"caption\":\"Anahata Yoga Heidelberg\"},\"image\":{\"@id\":\"https:\\\/\\\/anahata-yoga-heidelberg.de\\\/en\\\/#\\\/schema\\\/logo\\\/image\\\/\"},\"sameAs\":[\"https:\\\/\\\/www.facebook.com\\\/YogaInHeidelberg\\\/\",\"https:\\\/\\\/www.instagram.com\\\/anahata.yoga.heidelberg\\\/\"],\"description\":\"Anahata Yoga Heidelberg ist das famili\u00e4re Yogastudio in Heidelberg-Handschuhsheim. Hier findest Du individuelle Betreuung in \u00fcberschaubaren Gruppen oder beim Einzelunterricht. Auf diese Weise erm\u00f6glichen wir Anf\u00e4ngern einen soliden Einstieg ins Yoga und Fortgeschrittenen eine individuelle Entwicklung ihres eigenen Yogaweges.\",\"email\":\"info@anahata-yoga-heidelberg.de\",\"telephone\":\"01714509409\",\"foundingDate\":\"2016-10-01\"}]}<\/script>\n<!-- \/ Yoast SEO Premium plugin. -->","yoast_head_json":{"title":"Yoga lessons in Heidelberg","robots":{"index":"index","follow":"follow","max-snippet":"max-snippet:-1","max-image-preview":"max-image-preview:large","max-video-preview":"max-video-preview:-1"},"canonical":"https:\/\/anahata-yoga-heidelberg.de\/en\/what-happens-in-a-class\/","og_locale":"en_US","og_type":"article","og_title":"What happens in a class?","og_description":"What happens in a class with you and your body? At the beginning of In my lessons, I combine soft, flowing exercises from Kundalini and Vinyasa yoga as well as excerpts from the 5-element form to warm up my students and slowly attune them to the lesson. In the course [&hellip;]","og_url":"https:\/\/anahata-yoga-heidelberg.de\/en\/what-happens-in-a-class\/","og_site_name":"Anahata Yoga Heidelberg","article_publisher":"https:\/\/www.facebook.com\/YogaInHeidelberg\/","og_image":[{"width":850,"height":565,"url":"https:\/\/anahata-yoga-heidelberg.de\/wp-content\/uploads\/2022\/03\/IMG_4660a.jpg","type":"image\/jpeg"}],"twitter_card":"summary_large_image","twitter_misc":{"Est. reading time":"2 minutes"},"schema":{"@context":"https:\/\/schema.org","@graph":[{"@type":"WebPage","@id":"https:\/\/anahata-yoga-heidelberg.de\/en\/what-happens-in-a-class\/","url":"https:\/\/anahata-yoga-heidelberg.de\/en\/what-happens-in-a-class\/","name":"Yoga lessons in Heidelberg","isPartOf":{"@id":"https:\/\/anahata-yoga-heidelberg.de\/en\/#website"},"primaryImageOfPage":{"@id":"https:\/\/anahata-yoga-heidelberg.de\/en\/what-happens-in-a-class\/#primaryimage"},"image":{"@id":"https:\/\/anahata-yoga-heidelberg.de\/en\/what-happens-in-a-class\/#primaryimage"},"thumbnailUrl":"https:\/\/anahata-yoga-heidelberg.de\/wp-content\/uploads\/2022\/03\/IMG_4660a.jpg","datePublished":"2020-01-05T21:10:26+00:00","breadcrumb":{"@id":"https:\/\/anahata-yoga-heidelberg.de\/en\/what-happens-in-a-class\/#breadcrumb"},"inLanguage":"en-US","potentialAction":[{"@type":"ReadAction","target":["https:\/\/anahata-yoga-heidelberg.de\/en\/what-happens-in-a-class\/"]}]},{"@type":"ImageObject","inLanguage":"en-US","@id":"https:\/\/anahata-yoga-heidelberg.de\/en\/what-happens-in-a-class\/#primaryimage","url":"https:\/\/anahata-yoga-heidelberg.de\/wp-content\/uploads\/2022\/03\/IMG_4660a.jpg","contentUrl":"https:\/\/anahata-yoga-heidelberg.de\/wp-content\/uploads\/2022\/03\/IMG_4660a.jpg","width":850,"height":565},{"@type":"BreadcrumbList","@id":"https:\/\/anahata-yoga-heidelberg.de\/en\/what-happens-in-a-class\/#breadcrumb","itemListElement":[{"@type":"ListItem","position":1,"name":"Startseite","item":"https:\/\/anahata-yoga-heidelberg.de\/en\/"},{"@type":"ListItem","position":2,"name":"What happens in a class?"}]},{"@type":"WebSite","@id":"https:\/\/anahata-yoga-heidelberg.de\/en\/#website","url":"https:\/\/anahata-yoga-heidelberg.de\/en\/","name":"Anahata Yoga Heidelberg","description":"Yoga in Heidelberg","publisher":{"@id":"https:\/\/anahata-yoga-heidelberg.de\/en\/#organization"},"potentialAction":[{"@type":"SearchAction","target":{"@type":"EntryPoint","urlTemplate":"https:\/\/anahata-yoga-heidelberg.de\/en\/?s={search_term_string}"},"query-input":{"@type":"PropertyValueSpecification","valueRequired":true,"valueName":"search_term_string"}}],"inLanguage":"en-US"},{"@type":"Organization","@id":"https:\/\/anahata-yoga-heidelberg.de\/en\/#organization","name":"Anahata Yoga Heidelberg","url":"https:\/\/anahata-yoga-heidelberg.de\/en\/","logo":{"@type":"ImageObject","inLanguage":"en-US","@id":"https:\/\/anahata-yoga-heidelberg.de\/en\/#\/schema\/logo\/image\/","url":"https:\/\/anahata-yoga-heidelberg.de\/wp-content\/uploads\/2023\/05\/cropped-cropped-logoshot3.jpg","contentUrl":"https:\/\/anahata-yoga-heidelberg.de\/wp-content\/uploads\/2023\/05\/cropped-cropped-logoshot3.jpg","width":512,"height":512,"caption":"Anahata Yoga Heidelberg"},"image":{"@id":"https:\/\/anahata-yoga-heidelberg.de\/en\/#\/schema\/logo\/image\/"},"sameAs":["https:\/\/www.facebook.com\/YogaInHeidelberg\/","https:\/\/www.instagram.com\/anahata.yoga.heidelberg\/"],"description":"Anahata Yoga Heidelberg ist das famili\u00e4re Yogastudio in Heidelberg-Handschuhsheim. Hier findest Du individuelle Betreuung in \u00fcberschaubaren Gruppen oder beim Einzelunterricht. Auf diese Weise erm\u00f6glichen wir Anf\u00e4ngern einen soliden Einstieg ins Yoga und Fortgeschrittenen eine individuelle Entwicklung ihres eigenen Yogaweges.","email":"info@anahata-yoga-heidelberg.de","telephone":"01714509409","foundingDate":"2016-10-01"}]}},"_links":{"self":[{"href":"https:\/\/anahata-yoga-heidelberg.de\/en\/wp-json\/wp\/v2\/pages\/3523","targetHints":{"allow":["GET"]}}],"collection":[{"href":"https:\/\/anahata-yoga-heidelberg.de\/en\/wp-json\/wp\/v2\/pages"}],"about":[{"href":"https:\/\/anahata-yoga-heidelberg.de\/en\/wp-json\/wp\/v2\/types\/page"}],"author":[{"embeddable":true,"href":"https:\/\/anahata-yoga-heidelberg.de\/en\/wp-json\/wp\/v2\/users\/1"}],"replies":[{"embeddable":true,"href":"https:\/\/anahata-yoga-heidelberg.de\/en\/wp-json\/wp\/v2\/comments?post=3523"}],"version-history":[{"count":0,"href":"https:\/\/anahata-yoga-heidelberg.de\/en\/wp-json\/wp\/v2\/pages\/3523\/revisions"}],"wp:featuredmedia":[{"embeddable":true,"href":"https:\/\/anahata-yoga-heidelberg.de\/en\/wp-json\/wp\/v2\/media\/4413"}],"wp:attachment":[{"href":"https:\/\/anahata-yoga-heidelberg.de\/en\/wp-json\/wp\/v2\/media?parent=3523"}],"curies":[{"name":"wp","href":"https:\/\/api.w.org\/{rel}","templated":true}]}}