{"id":3510,"date":"2019-12-25T23:42:17","date_gmt":"2019-12-25T21:42:17","guid":{"rendered":"https:\/\/anahata-yoga-heidelberg.de\/michael-morsch\/"},"modified":"2019-12-26T00:27:54","modified_gmt":"2019-12-25T22:27:54","slug":"michael-morsch","status":"publish","type":"page","link":"https:\/\/anahata-yoga-heidelberg.de\/en\/michael-morsch\/","title":{"rendered":"Michael Morsch"},"content":{"rendered":"<div style=\"width: 40%; padding: 0 10px 0 0; float: left;\">\n<h1>Michael Morsch<\/h1>\n<p>* 02.11.1966<\/p>\n<h4><\/h4>\n<h3><img loading=\"lazy\" decoding=\"async\" class=\"alignnone wp-image-3443\" src=\"https:\/\/anahata-yoga-heidelberg.de\/wp-content\/uploads\/2019\/10\/E-RYT200.png\" alt=\"E-RYT200.png\" width=\"109\" height=\"109\" srcset=\"https:\/\/anahata-yoga-heidelberg.de\/wp-content\/uploads\/2019\/10\/E-RYT200.png 200w, https:\/\/anahata-yoga-heidelberg.de\/wp-content\/uploads\/2019\/10\/E-RYT200-150x150.png 150w, https:\/\/anahata-yoga-heidelberg.de\/wp-content\/uploads\/2019\/10\/E-RYT200-50x50.png 50w\" sizes=\"auto, (max-width: 109px) 100vw, 109px\" \/>\u00a0 \u00a0<img loading=\"lazy\" decoding=\"async\" class=\"alignnone wp-image-3442\" src=\"https:\/\/anahata-yoga-heidelberg.de\/wp-content\/uploads\/2019\/10\/YACEP.png\" alt=\"YACEP.png\" width=\"111\" height=\"111\" srcset=\"https:\/\/anahata-yoga-heidelberg.de\/wp-content\/uploads\/2019\/10\/YACEP.png 200w, https:\/\/anahata-yoga-heidelberg.de\/wp-content\/uploads\/2019\/10\/YACEP-150x150.png 150w, https:\/\/anahata-yoga-heidelberg.de\/wp-content\/uploads\/2019\/10\/YACEP-50x50.png 50w\" sizes=\"auto, (max-width: 111px) 100vw, 111px\" \/><\/h3>\n<\/div>\n<div style=\"width: 40%; padding: 0 10px 0 0; float: right;\">\n<div id=\"attachment_3363\" style=\"width: 1510px\" class=\"wp-caption alignright\"><img loading=\"lazy\" decoding=\"async\" aria-describedby=\"caption-attachment-3363\" class=\"alignnone size-full wp-image-3363\" src=\"https:\/\/anahata-yoga-heidelberg.de\/wp-content\/uploads\/2016\/09\/teacher-training-hallein-2526-2281723121-1525076139879.jpg\" alt=\"Michael beim Yoga Teacher-Training in Hallein Sommer 2016\" width=\"1500\" height=\"1000\" srcset=\"https:\/\/anahata-yoga-heidelberg.de\/wp-content\/uploads\/2016\/09\/teacher-training-hallein-2526-2281723121-1525076139879.jpg 1500w, https:\/\/anahata-yoga-heidelberg.de\/wp-content\/uploads\/2016\/09\/teacher-training-hallein-2526-2281723121-1525076139879-300x200.jpg 300w, https:\/\/anahata-yoga-heidelberg.de\/wp-content\/uploads\/2016\/09\/teacher-training-hallein-2526-2281723121-1525076139879-768x512.jpg 768w, https:\/\/anahata-yoga-heidelberg.de\/wp-content\/uploads\/2016\/09\/teacher-training-hallein-2526-2281723121-1525076139879-1024x683.jpg 1024w, https:\/\/anahata-yoga-heidelberg.de\/wp-content\/uploads\/2016\/09\/teacher-training-hallein-2526-2281723121-1525076139879-960x640.jpg 960w\" sizes=\"auto, (max-width: 1500px) 100vw, 1500px\" \/><p id=\"caption-attachment-3363\" class=\"wp-caption-text\">Michael at the Yoga Teacher-Training in Hallein Summer 2016<\/p><\/div>\n<\/div>\n<h2 style=\"clear: both;\">Career stages:<\/h2>\n<p class=\"tw-data-text tw-text-large tw-ta\" data-placeholder=\"\u00dcbersetzung\" id=\"tw-target-text\" dir=\"ltr\"><span lang=\"en\" tabindex=\"0\">My varied career led me to study archaeology with a degree as magister artium (working as a waiter to finance my studies). I also worked as a writer, speaker, riding instructor and veterinary practitioner. I am now a yoga teacher and managing director.<\/span><\/p>\n<p><strong>My Yoga:<br \/>\n<\/strong><strong><\/strong><\/p>\n<p class=\"tw-data-text tw-text-large tw-ta\" data-placeholder=\"\u00dcbersetzung\" id=\"tw-target-text\" dir=\"ltr\"><span lang=\"en\" tabindex=\"0\">I discovered my fascination with yoga in 2010 starting with Kundalini Yoga, then Hatha (Sivananda) and finally Vinyasa. I have been a yoga teacher and owner at Anahata Yoga Heidelberg since 2016 and I look forward to every hour that I hold. For me, yoga is a way of constant learning, the constant development with my students for my students. I see teaching as a mutual give and take that helps everyone to grow.<\/span><\/p>\n<p><strong>\u00a0<\/strong><\/p>\n\n\t\t<style type=\"text\/css\">\n\t\t\t#gallery-1 {\n\t\t\t\tmargin: auto;\n\t\t\t}\n\t\t\t#gallery-1 .gallery-item {\n\t\t\t\tfloat: left;\n\t\t\t\tmargin-top: 10px;\n\t\t\t\ttext-align: center;\n\t\t\t\twidth: 33%;\n\t\t\t}\n\t\t\t#gallery-1 img {\n\t\t\t\tborder: 2px solid #cfcfcf;\n\t\t\t}\n\t\t\t#gallery-1 .gallery-caption {\n\t\t\t\tmargin-left: 0;\n\t\t\t}\n\t\t\t\/* see gallery_shortcode() in wp-includes\/media.php *\/\n\t\t<\/style>\n\t\t<div id='gallery-1' class='gallery galleryid-3510 gallery-columns-3 gallery-size-thumbnail'><dl class='gallery-item'>\n\t\t\t<dt class='gallery-icon landscape'>\n\t\t\t\t<a href='https:\/\/anahata-yoga-heidelberg.de\/en\/michael-morsch\/dsc04958-copy-2\/'><img loading=\"lazy\" decoding=\"async\" width=\"150\" height=\"150\" src=\"https:\/\/anahata-yoga-heidelberg.de\/wp-content\/uploads\/2019\/06\/DSC04958-Copy-150x150.jpg\" class=\"attachment-thumbnail size-thumbnail\" alt=\"\" srcset=\"https:\/\/anahata-yoga-heidelberg.de\/wp-content\/uploads\/2019\/06\/DSC04958-Copy-150x150.jpg 150w, https:\/\/anahata-yoga-heidelberg.de\/wp-content\/uploads\/2019\/06\/DSC04958-Copy-50x50.jpg 50w\" sizes=\"auto, (max-width: 150px) 100vw, 150px\" \/><\/a>\n\t\t\t<\/dt><\/dl><dl class='gallery-item'>\n\t\t\t<dt class='gallery-icon portrait'>\n\t\t\t\t<a href='https:\/\/anahata-yoga-heidelberg.de\/en\/new-at-yoga\/img_4660b-2\/'><img loading=\"lazy\" decoding=\"async\" width=\"150\" height=\"150\" src=\"https:\/\/anahata-yoga-heidelberg.de\/wp-content\/uploads\/2019\/04\/IMG_4660b-150x150.jpg\" class=\"attachment-thumbnail size-thumbnail\" alt=\"\" srcset=\"https:\/\/anahata-yoga-heidelberg.de\/wp-content\/uploads\/2019\/04\/IMG_4660b-150x150.jpg 150w, https:\/\/anahata-yoga-heidelberg.de\/wp-content\/uploads\/2019\/04\/IMG_4660b-300x300.jpg 300w, https:\/\/anahata-yoga-heidelberg.de\/wp-content\/uploads\/2019\/04\/IMG_4660b-400x400.jpg 400w, https:\/\/anahata-yoga-heidelberg.de\/wp-content\/uploads\/2019\/04\/IMG_4660b-500x500.jpg 500w, https:\/\/anahata-yoga-heidelberg.de\/wp-content\/uploads\/2019\/04\/IMG_4660b-50x50.jpg 50w\" sizes=\"auto, (max-width: 150px) 100vw, 150px\" \/><\/a>\n\t\t\t<\/dt><\/dl><dl class='gallery-item'>\n\t\t\t<dt class='gallery-icon landscape'>\n\t\t\t\t<a href='https:\/\/anahata-yoga-heidelberg.de\/en\/dsc05080-copy-2\/'><img loading=\"lazy\" decoding=\"async\" width=\"150\" height=\"150\" src=\"https:\/\/anahata-yoga-heidelberg.de\/wp-content\/uploads\/2019\/06\/DSC05080-Copy-150x150.jpg\" class=\"attachment-thumbnail size-thumbnail\" alt=\"\" srcset=\"https:\/\/anahata-yoga-heidelberg.de\/wp-content\/uploads\/2019\/06\/DSC05080-Copy-150x150.jpg 150w, https:\/\/anahata-yoga-heidelberg.de\/wp-content\/uploads\/2019\/06\/DSC05080-Copy-50x50.jpg 50w\" sizes=\"auto, (max-width: 150px) 100vw, 150px\" \/><\/a>\n\t\t\t<\/dt><\/dl><br style=\"clear: both\" \/>\n\t\t<\/div>\n\n<div>\n<h2>Yoga &#8211; Trainings:<\/h2>\n<p><b>Summer<\/b><strong>\u00a02016:<\/strong><\/p>\n<\/div>\n<p>&#8211; Yoga Teacher (200 HRS RYT, Yoga Alliance)<br \/>\n&#8211; Teacher for the Five Element Form (100 HRS)<br \/>\n&#8211; Teacher for Yoga Nidra (70 HRS)<\/p>\n<p><span>I&#8217;ve been practising\u00a0Hatha, Kundalini and Vinyasa Yoga for seven years, also TaiQi and QiGong.<\/span><\/p>\n<h2>Capacity as Yoga Teacher:<\/h2>\n<p><strong>August 2016:<\/strong> Bio-Hotel Sommerau, St. Koloman, Austria<br \/>\n&#8211; Daily group lessons<\/p>\n<p><strong>September 2016 &#8211; now:<\/strong> Anahata Yoga Heidelberg, Germany<br \/>\n&#8211; Daily group lessons<br \/>\n&#8211; Private lessons Yoga and Yoga therapy<\/p>\n<p><b>December<\/b><strong>\u00a02016:<\/strong> Bali Mandala Resort, Bondalem, Bali, Indonesien<br \/>\n&#8211; Daily group lessons<br \/>\n&#8211; Private lessons Yoga and Yoga therapy<\/p>\n<p><strong>July + August 2017:<\/strong> Bali Mandala Resort, Bondalem, Bali, Indonesien<br \/>\n&#8211; Daily group lessons<br \/>\n&#8211; Private lessons Yoga and Yoga therapy<\/p>\n<p><b>January<\/b><strong>\u00a02019 &#8211; now:<\/strong> Heidelberg University- Fit im Klinikum<br \/>\n&#8211; Group lessons with employees of the University<\/p>\n<p><b>January<\/b><strong> &#8211; December 2019:<\/strong> National Centre of Tumoric Deseases Heidelberg<br \/>\n&#8211;\u00a0 Group lessons with Patients<\/p>\n<p><strong>Since Summer 2019:\u00a0<\/strong><br \/>\nE-RYT 200 und Yacep<br \/>\n(Experienced Registered Yoga Teacher (1000HRS) and Yoga Alliance Continuing Education Provider)<\/p>\n<p>You can find my Profile at Yoga Alliance here:<br \/>\nhttps:\/\/www.yogaalliance.org\/TeacherPublicProfile?tid=152396<br \/>\nhttps:\/\/www.yogaalliance.org\/YACEPPublicProfile?cepid=22248#\/section=1<\/p>\n<h3>Course\u00a0languages<\/h3>\n<p>English and German.<\/p>\n<h3>Languages<\/h3>\n<p>English, German, French and Turkish.<\/p>\n<header class=\"entry-header\">\n<h3 class=\"entry-title\">Contact<\/h3>\n<\/header>\n<div class=\"entry-content\">\n<p>Michael Morsch<br \/>\nSteubenstrasse 22-24<br \/>\n69121 Heidelberg<br \/>\nTelefon: 0049 171 4509409<\/p>\n<p><strong>email: info@anahata-yoga-hei-3mhhq9paek.live-website.com<\/strong><\/p>\n<p>Find me at <a href=\"https:\/\/www.facebook.com\/michael.morsch\">Facebook<\/a> and LinkedIn as Michael Morsch.<\/p>\n<h4><\/h4>\n<\/div>\n","protected":false},"excerpt":{"rendered":"<p>Michael Morsch * 02.11.1966 \u00a0 \u00a0 Career stages: My varied career led me to study archaeology with a degree as magister artium (working as a waiter to finance my studies). I also worked as a writer, speaker, riding instructor and veterinary practitioner. I am now a yoga teacher and managing [&hellip;]<\/p>\n","protected":false},"author":1,"featured_media":3372,"parent":0,"menu_order":0,"comment_status":"closed","ping_status":"closed","template":"","meta":{"footnotes":""},"class_list":["post-3510","page","type-page","status-publish","has-post-thumbnail","hentry"],"yoast_head":"<!-- This site is optimized with the Yoast SEO Premium plugin v26.1 (Yoast SEO v27.3) - https:\/\/yoast.com\/product\/yoast-seo-premium-wordpress\/ -->\n<title>Michael Morsch<\/title>\n<meta name=\"robots\" content=\"index, follow, max-snippet:-1, max-image-preview:large, max-video-preview:-1\" \/>\n<link rel=\"canonical\" href=\"https:\/\/anahata-yoga-heidelberg.de\/en\/michael-morsch\/\" \/>\n<meta property=\"og:locale\" content=\"en_US\" \/>\n<meta property=\"og:type\" content=\"article\" \/>\n<meta property=\"og:title\" content=\"Michael Morsch\" \/>\n<meta property=\"og:description\" content=\"Michael Morsch * 02.11.1966 \u00a0 \u00a0 Career stages: My varied career led me to study archaeology with a degree as magister artium (working as a waiter to finance my studies). I also worked as a writer, speaker, riding instructor and veterinary practitioner. I am now a yoga teacher and managing [&hellip;]\" \/>\n<meta property=\"og:url\" content=\"https:\/\/anahata-yoga-heidelberg.de\/en\/michael-morsch\/\" \/>\n<meta property=\"og:site_name\" content=\"Anahata Yoga Heidelberg\" \/>\n<meta property=\"article:publisher\" content=\"https:\/\/www.facebook.com\/YogaInHeidelberg\/\" \/>\n<meta property=\"article:modified_time\" content=\"2019-12-25T22:27:54+00:00\" \/>\n<meta property=\"og:image\" content=\"https:\/\/anahata-yoga-heidelberg.de\/wp-content\/uploads\/2016\/09\/dsc050001.jpg\" \/>\n\t<meta property=\"og:image:width\" content=\"750\" \/>\n\t<meta property=\"og:image:height\" content=\"499\" \/>\n\t<meta property=\"og:image:type\" content=\"image\/jpeg\" \/>\n<meta name=\"twitter:card\" content=\"summary_large_image\" \/>\n<meta name=\"twitter:label1\" content=\"Est. reading time\" \/>\n\t<meta name=\"twitter:data1\" content=\"2 minutes\" \/>\n<script type=\"application\/ld+json\" class=\"yoast-schema-graph\">{\"@context\":\"https:\\\/\\\/schema.org\",\"@graph\":[{\"@type\":\"WebPage\",\"@id\":\"https:\\\/\\\/anahata-yoga-heidelberg.de\\\/en\\\/michael-morsch\\\/\",\"url\":\"https:\\\/\\\/anahata-yoga-heidelberg.de\\\/en\\\/michael-morsch\\\/\",\"name\":\"Michael Morsch\",\"isPartOf\":{\"@id\":\"https:\\\/\\\/anahata-yoga-heidelberg.de\\\/en\\\/#website\"},\"primaryImageOfPage\":{\"@id\":\"https:\\\/\\\/anahata-yoga-heidelberg.de\\\/en\\\/michael-morsch\\\/#primaryimage\"},\"image\":{\"@id\":\"https:\\\/\\\/anahata-yoga-heidelberg.de\\\/en\\\/michael-morsch\\\/#primaryimage\"},\"thumbnailUrl\":\"https:\\\/\\\/anahata-yoga-heidelberg.de\\\/wp-content\\\/uploads\\\/2016\\\/09\\\/dsc050001.jpg\",\"datePublished\":\"2019-12-25T21:42:17+00:00\",\"dateModified\":\"2019-12-25T22:27:54+00:00\",\"breadcrumb\":{\"@id\":\"https:\\\/\\\/anahata-yoga-heidelberg.de\\\/en\\\/michael-morsch\\\/#breadcrumb\"},\"inLanguage\":\"en-US\",\"potentialAction\":[{\"@type\":\"ReadAction\",\"target\":[\"https:\\\/\\\/anahata-yoga-heidelberg.de\\\/en\\\/michael-morsch\\\/\"]}]},{\"@type\":\"ImageObject\",\"inLanguage\":\"en-US\",\"@id\":\"https:\\\/\\\/anahata-yoga-heidelberg.de\\\/en\\\/michael-morsch\\\/#primaryimage\",\"url\":\"https:\\\/\\\/anahata-yoga-heidelberg.de\\\/wp-content\\\/uploads\\\/2016\\\/09\\\/dsc050001.jpg\",\"contentUrl\":\"https:\\\/\\\/anahata-yoga-heidelberg.de\\\/wp-content\\\/uploads\\\/2016\\\/09\\\/dsc050001.jpg\",\"width\":1803,\"height\":1200},{\"@type\":\"BreadcrumbList\",\"@id\":\"https:\\\/\\\/anahata-yoga-heidelberg.de\\\/en\\\/michael-morsch\\\/#breadcrumb\",\"itemListElement\":[{\"@type\":\"ListItem\",\"position\":1,\"name\":\"Startseite\",\"item\":\"https:\\\/\\\/anahata-yoga-heidelberg.de\\\/en\\\/\"},{\"@type\":\"ListItem\",\"position\":2,\"name\":\"Michael Morsch\"}]},{\"@type\":\"WebSite\",\"@id\":\"https:\\\/\\\/anahata-yoga-heidelberg.de\\\/en\\\/#website\",\"url\":\"https:\\\/\\\/anahata-yoga-heidelberg.de\\\/en\\\/\",\"name\":\"Anahata Yoga Heidelberg\",\"description\":\"Yoga in Heidelberg\",\"publisher\":{\"@id\":\"https:\\\/\\\/anahata-yoga-heidelberg.de\\\/en\\\/#organization\"},\"potentialAction\":[{\"@type\":\"SearchAction\",\"target\":{\"@type\":\"EntryPoint\",\"urlTemplate\":\"https:\\\/\\\/anahata-yoga-heidelberg.de\\\/en\\\/?s={search_term_string}\"},\"query-input\":{\"@type\":\"PropertyValueSpecification\",\"valueRequired\":true,\"valueName\":\"search_term_string\"}}],\"inLanguage\":\"en-US\"},{\"@type\":\"Organization\",\"@id\":\"https:\\\/\\\/anahata-yoga-heidelberg.de\\\/en\\\/#organization\",\"name\":\"Anahata Yoga Heidelberg\",\"url\":\"https:\\\/\\\/anahata-yoga-heidelberg.de\\\/en\\\/\",\"logo\":{\"@type\":\"ImageObject\",\"inLanguage\":\"en-US\",\"@id\":\"https:\\\/\\\/anahata-yoga-heidelberg.de\\\/en\\\/#\\\/schema\\\/logo\\\/image\\\/\",\"url\":\"https:\\\/\\\/anahata-yoga-heidelberg.de\\\/wp-content\\\/uploads\\\/2023\\\/05\\\/cropped-cropped-logoshot3.jpg\",\"contentUrl\":\"https:\\\/\\\/anahata-yoga-heidelberg.de\\\/wp-content\\\/uploads\\\/2023\\\/05\\\/cropped-cropped-logoshot3.jpg\",\"width\":512,\"height\":512,\"caption\":\"Anahata Yoga Heidelberg\"},\"image\":{\"@id\":\"https:\\\/\\\/anahata-yoga-heidelberg.de\\\/en\\\/#\\\/schema\\\/logo\\\/image\\\/\"},\"sameAs\":[\"https:\\\/\\\/www.facebook.com\\\/YogaInHeidelberg\\\/\",\"https:\\\/\\\/www.instagram.com\\\/anahata.yoga.heidelberg\\\/\"],\"description\":\"Anahata Yoga Heidelberg ist das famili\u00e4re Yogastudio in Heidelberg-Handschuhsheim. Hier findest Du individuelle Betreuung in \u00fcberschaubaren Gruppen oder beim Einzelunterricht. Auf diese Weise erm\u00f6glichen wir Anf\u00e4ngern einen soliden Einstieg ins Yoga und Fortgeschrittenen eine individuelle Entwicklung ihres eigenen Yogaweges.\",\"email\":\"info@anahata-yoga-heidelberg.de\",\"telephone\":\"01714509409\",\"foundingDate\":\"2016-10-01\"}]}<\/script>\n<!-- \/ Yoast SEO Premium plugin. -->","yoast_head_json":{"title":"Michael Morsch","robots":{"index":"index","follow":"follow","max-snippet":"max-snippet:-1","max-image-preview":"max-image-preview:large","max-video-preview":"max-video-preview:-1"},"canonical":"https:\/\/anahata-yoga-heidelberg.de\/en\/michael-morsch\/","og_locale":"en_US","og_type":"article","og_title":"Michael Morsch","og_description":"Michael Morsch * 02.11.1966 \u00a0 \u00a0 Career stages: My varied career led me to study archaeology with a degree as magister artium (working as a waiter to finance my studies). I also worked as a writer, speaker, riding instructor and veterinary practitioner. I am now a yoga teacher and managing [&hellip;]","og_url":"https:\/\/anahata-yoga-heidelberg.de\/en\/michael-morsch\/","og_site_name":"Anahata Yoga Heidelberg","article_publisher":"https:\/\/www.facebook.com\/YogaInHeidelberg\/","article_modified_time":"2019-12-25T22:27:54+00:00","og_image":[{"url":"https:\/\/anahata-yoga-heidelberg.de\/wp-content\/uploads\/2016\/09\/dsc050001.jpg","width":750,"height":499,"type":"image\/jpeg"}],"twitter_card":"summary_large_image","twitter_misc":{"Est. reading time":"2 minutes"},"schema":{"@context":"https:\/\/schema.org","@graph":[{"@type":"WebPage","@id":"https:\/\/anahata-yoga-heidelberg.de\/en\/michael-morsch\/","url":"https:\/\/anahata-yoga-heidelberg.de\/en\/michael-morsch\/","name":"Michael Morsch","isPartOf":{"@id":"https:\/\/anahata-yoga-heidelberg.de\/en\/#website"},"primaryImageOfPage":{"@id":"https:\/\/anahata-yoga-heidelberg.de\/en\/michael-morsch\/#primaryimage"},"image":{"@id":"https:\/\/anahata-yoga-heidelberg.de\/en\/michael-morsch\/#primaryimage"},"thumbnailUrl":"https:\/\/anahata-yoga-heidelberg.de\/wp-content\/uploads\/2016\/09\/dsc050001.jpg","datePublished":"2019-12-25T21:42:17+00:00","dateModified":"2019-12-25T22:27:54+00:00","breadcrumb":{"@id":"https:\/\/anahata-yoga-heidelberg.de\/en\/michael-morsch\/#breadcrumb"},"inLanguage":"en-US","potentialAction":[{"@type":"ReadAction","target":["https:\/\/anahata-yoga-heidelberg.de\/en\/michael-morsch\/"]}]},{"@type":"ImageObject","inLanguage":"en-US","@id":"https:\/\/anahata-yoga-heidelberg.de\/en\/michael-morsch\/#primaryimage","url":"https:\/\/anahata-yoga-heidelberg.de\/wp-content\/uploads\/2016\/09\/dsc050001.jpg","contentUrl":"https:\/\/anahata-yoga-heidelberg.de\/wp-content\/uploads\/2016\/09\/dsc050001.jpg","width":1803,"height":1200},{"@type":"BreadcrumbList","@id":"https:\/\/anahata-yoga-heidelberg.de\/en\/michael-morsch\/#breadcrumb","itemListElement":[{"@type":"ListItem","position":1,"name":"Startseite","item":"https:\/\/anahata-yoga-heidelberg.de\/en\/"},{"@type":"ListItem","position":2,"name":"Michael Morsch"}]},{"@type":"WebSite","@id":"https:\/\/anahata-yoga-heidelberg.de\/en\/#website","url":"https:\/\/anahata-yoga-heidelberg.de\/en\/","name":"Anahata Yoga Heidelberg","description":"Yoga in Heidelberg","publisher":{"@id":"https:\/\/anahata-yoga-heidelberg.de\/en\/#organization"},"potentialAction":[{"@type":"SearchAction","target":{"@type":"EntryPoint","urlTemplate":"https:\/\/anahata-yoga-heidelberg.de\/en\/?s={search_term_string}"},"query-input":{"@type":"PropertyValueSpecification","valueRequired":true,"valueName":"search_term_string"}}],"inLanguage":"en-US"},{"@type":"Organization","@id":"https:\/\/anahata-yoga-heidelberg.de\/en\/#organization","name":"Anahata Yoga Heidelberg","url":"https:\/\/anahata-yoga-heidelberg.de\/en\/","logo":{"@type":"ImageObject","inLanguage":"en-US","@id":"https:\/\/anahata-yoga-heidelberg.de\/en\/#\/schema\/logo\/image\/","url":"https:\/\/anahata-yoga-heidelberg.de\/wp-content\/uploads\/2023\/05\/cropped-cropped-logoshot3.jpg","contentUrl":"https:\/\/anahata-yoga-heidelberg.de\/wp-content\/uploads\/2023\/05\/cropped-cropped-logoshot3.jpg","width":512,"height":512,"caption":"Anahata Yoga Heidelberg"},"image":{"@id":"https:\/\/anahata-yoga-heidelberg.de\/en\/#\/schema\/logo\/image\/"},"sameAs":["https:\/\/www.facebook.com\/YogaInHeidelberg\/","https:\/\/www.instagram.com\/anahata.yoga.heidelberg\/"],"description":"Anahata Yoga Heidelberg ist das famili\u00e4re Yogastudio in Heidelberg-Handschuhsheim. Hier findest Du individuelle Betreuung in \u00fcberschaubaren Gruppen oder beim Einzelunterricht. Auf diese Weise erm\u00f6glichen wir Anf\u00e4ngern einen soliden Einstieg ins Yoga und Fortgeschrittenen eine individuelle Entwicklung ihres eigenen Yogaweges.","email":"info@anahata-yoga-heidelberg.de","telephone":"01714509409","foundingDate":"2016-10-01"}]}},"_links":{"self":[{"href":"https:\/\/anahata-yoga-heidelberg.de\/en\/wp-json\/wp\/v2\/pages\/3510","targetHints":{"allow":["GET"]}}],"collection":[{"href":"https:\/\/anahata-yoga-heidelberg.de\/en\/wp-json\/wp\/v2\/pages"}],"about":[{"href":"https:\/\/anahata-yoga-heidelberg.de\/en\/wp-json\/wp\/v2\/types\/page"}],"author":[{"embeddable":true,"href":"https:\/\/anahata-yoga-heidelberg.de\/en\/wp-json\/wp\/v2\/users\/1"}],"replies":[{"embeddable":true,"href":"https:\/\/anahata-yoga-heidelberg.de\/en\/wp-json\/wp\/v2\/comments?post=3510"}],"version-history":[{"count":0,"href":"https:\/\/anahata-yoga-heidelberg.de\/en\/wp-json\/wp\/v2\/pages\/3510\/revisions"}],"wp:featuredmedia":[{"embeddable":true,"href":"https:\/\/anahata-yoga-heidelberg.de\/en\/wp-json\/wp\/v2\/media\/3372"}],"wp:attachment":[{"href":"https:\/\/anahata-yoga-heidelberg.de\/en\/wp-json\/wp\/v2\/media?parent=3510"}],"curies":[{"name":"wp","href":"https:\/\/api.w.org\/{rel}","templated":true}]}}