{"id":3485,"date":"2019-12-25T22:56:36","date_gmt":"2019-12-25T20:56:36","guid":{"rendered":"https:\/\/anahata-yoga-heidelberg.de\/schedule-registration-pricing\/"},"modified":"2024-12-11T01:50:19","modified_gmt":"2024-12-10T23:50:19","slug":"schedule-registration-pricing","status":"publish","type":"page","link":"https:\/\/anahata-yoga-heidelberg.de\/en\/schedule-registration-pricing\/","title":{"rendered":"Schedule, Registration , Pricing"},"content":{"rendered":"<h1 style=\"text-align: center;\">Classes for Beginners and Advanced Students<\/h1>\n<h2 style=\"text-align: center;\">in Heidelberg &#8211; Handschuhsheim<\/h2>\n<h5 align=\"center\"><span style=\"color: #333399;\">Please book your yoga class using the timetable below.<\/span><\/h5>\n<p class=\"tw-data-text tw-text-large XcVN5d tw-ta\" data-placeholder=\"\u00dcbersetzung\" id=\"tw-target-text\" dir=\"ltr\" style=\"text-align: left;\"><span lang=\"EN-GB\">We also teach every class online. If a class is already fully booked or you want to keep your distance, you can still participate in a video conference via Zoom. Every class can be booked to join at our studio or online in the schedule below.\u00a0<\/span><\/p>\n<h5 style=\"text-align: center;\"><span style=\"color: #333399;\">For online yoga classes:<\/span><\/h5>\n<p><span style=\"color: #000000;\">To join online register in the booking system and choose the online class. We will send you a participation link via email for the video conference software &#8220;Zoom&#8221;. Then follow the instructions and log in at the hour of the course.<\/span><\/p>\n<p><!-- Eversports Booking Tool starts here --><br \/>\n<iframe loading=\"lazy\" width=\"100%\" height=\"1450px\" src=\"https:\/\/www.eversports.de\/widget\/w\/-MJriL\" frameborder=\"0\"><br \/>\n<\/iframe><br \/>\n<!-- Eversports Booking Tool ends here --><\/p>\n<h3><\/h3>\n<h3>Next to the Online-Registration (above) you can just give me a call: <a href=\"http:\/\/Tel:+49171 4509409\">0171 4509409<\/a> or send me a Whatsapp.<\/h3>\n<h3>You can find a description of our classes <a href=\"https:\/\/anahata-yoga-heidelberg.de\/en\/kursangebot\/\">here<\/a>.<\/h3>\n<h2><span style=\"text-decoration: underline;\">Pricing \/ Energy Exchange:<\/span><\/h2>\n<table>\n<tbody>\n<tr>\n<td colspan=\"2\" width=\"697\">\n<h2>Monthly Subscriptions \u2013 All You can Yoga!<\/h2>\n<\/td>\n<\/tr>\n<tr>\n<td width=\"349\">\n<h3>Adults:<\/h3>\n<\/td>\n<td width=\"348\">\n<h3>Students:<\/h3>\n<\/td>\n<\/tr>\n<tr>\n<td width=\"349\">\n<ul>\n<li><b>1-Month Subskription: 120,00 Euro<\/b><\/li>\n<\/ul>\n<\/td>\n<td width=\"348\">\n<ul>\n<li><strong><b>1-Month Subskription<\/b>: 90,00 Euro<\/strong><\/li>\n<\/ul>\n<\/td>\n<\/tr>\n<tr>\n<td width=\"349\">\n<ul>\n<li><b>3-Month Subskription: 330,00<\/b><\/li>\n<\/ul>\n<\/td>\n<td width=\"348\">\n<ul>\n<li><b>3-Month Subskription: 240,00<\/b><\/li>\n<\/ul>\n<\/td>\n<\/tr>\n<tr>\n<td colspan=\"2\" width=\"697\">\n<h2>Group Lessons:<\/h2>\n<\/td>\n<\/tr>\n<tr>\n<td width=\"349\">\n<h3>Adults:<\/h3>\n<\/td>\n<td width=\"348\">\n<h3>Students* \/ Pensioners:<\/h3>\n<\/td>\n<\/tr>\n<tr>\n<td width=\"349\">\n<ul>\n<li><strong>Trial Lesson: 14,00 Euro<\/strong><\/li>\n<\/ul>\n<\/td>\n<td width=\"348\">\n<ul>\n<li><strong>Trial Lesson: 12,00 Euro<\/strong><\/li>\n<\/ul>\n<\/td>\n<\/tr>\n<tr>\n<td width=\"349\">\n<ul>\n<li><strong>Single Date: 18,00 Euro<\/strong><\/li>\n<\/ul>\n<\/td>\n<td width=\"348\">\n<ul>\n<li><strong>Single Date: 14,00 Euro<\/strong><\/li>\n<\/ul>\n<\/td>\n<\/tr>\n<tr>\n<td width=\"349\">\n<ul>\n<li><strong>Ticket of Five: 85,00 Euro<\/strong><\/li>\n<\/ul>\n<\/td>\n<td width=\"348\">\n<ul>\n<li><strong>Ticket of Five: 65,00 Euro<\/strong><\/li>\n<\/ul>\n<\/td>\n<\/tr>\n<tr>\n<td width=\"349\">\n<ul>\n<li><strong>Ticket of Ten: 160,00 Euro<\/strong><\/li>\n<\/ul>\n<\/td>\n<td width=\"348\">\n<ul>\n<li><strong>Ticket of Ten: 120,00 Euro<\/strong><\/li>\n<\/ul>\n<\/td>\n<\/tr>\n<tr>\n<td colspan=\"2\" width=\"697\">\n<h2>Private Lessons:<\/h2>\n<\/td>\n<\/tr>\n<tr>\n<td width=\"349\">\n<h3>Adults:<\/h3>\n<\/td>\n<td width=\"348\">\n<h3>Students:<\/h3>\n<\/td>\n<\/tr>\n<tr>\n<td width=\"349\">\u00b7\u00a0\u00a0\u00a0\u00a0\u00a0\u00a0\u00a0 <strong>Single Date: 90,00 Euro<\/strong><\/td>\n<td width=\"348\">\u00b7\u00a0\u00a0\u00a0\u00a0\u00a0\u00a0\u00a0 <strong>Single Date: 60,00 Euro<\/strong><\/td>\n<\/tr>\n<tr>\n<td width=\"349\">\n<ul>\n<li><strong>Ticket of Five: 225,00 Euro<\/strong><\/li>\n<\/ul>\n<\/td>\n<td width=\"348\">\n<ul>\n<li><strong>Ticket of Five: 280,00 Euro<\/strong><\/li>\n<\/ul>\n<\/td>\n<\/tr>\n<tr>\n<td width=\"349\">\n<ul>\n<li><strong>Ticket of Ten: 850,00 Euro<\/strong><\/li>\n<\/ul>\n<\/td>\n<td width=\"348\">\n<ul>\n<li><strong>Ticket of Ten: 550,00 Euro<\/strong><\/li>\n<\/ul>\n<\/td>\n<\/tr>\n<\/tbody>\n<\/table>\n<p>*The age limit for students is 28.<\/p>\n<h2><a href=\"https:\/\/calendly.com\/michael-morsch\" target=\"_blank\" rel=\"noopener noreferrer\">Registration for Private Lessons at Calendly:<\/a><\/h2>\n<p><a href=\"https:\/\/calendly.com\/michael-morsch\" target=\"_blank\" rel=\"noopener noreferrer\"><img loading=\"lazy\" decoding=\"async\" class=\"size-full wp-image-3395 aligncenter jetpack-lazy-image jetpack-lazy-image--handled\" title=\"\" src=\"https:\/\/anahata-yoga-heidelberg.de\/wp-content\/uploads\/2018\/04\/button.png\" sizes=\"auto, (max-width: 348px) 100vw, 348px\" srcset=\"https:\/\/anahata-yoga-heidelberg.de\/wp-content\/uploads\/2018\/04\/button.png 348w, https:\/\/anahata-yoga-heidelberg.de\/wp-content\/uploads\/2018\/04\/button-300x101.png 300w\" alt=\"button\" width=\"348\" height=\"117\" data-attachment-id=\"2300\" data-permalink=\"https:\/\/anahata-yoga-heidelberg.de\/yoga-und-therapie\/button\/\" data-orig-file=\"https:\/\/anahata-yoga-heidelberg.de\/wp-content\/uploads\/2018\/04\/button.png\" data-orig-size=\"348,117\" data-comments-opened=\"1\" data-image-meta=\"{\" data-image-title=\"button\" data-image-description=\"\" data-medium-file=\"https:\/\/anahata-yoga-heidelberg.de\/wp-content\/uploads\/2018\/04\/button-300x101.png\" data-large-file=\"https:\/\/anahata-yoga-heidelberg.de\/wp-content\/uploads\/2018\/04\/button.png\" data-lazy-loaded=\"1\" \/><\/a><\/p>\n<hr \/>\n<h2>Adress:<\/h2>\n<h3>Studio:<\/h3>\n<p><strong>Steubenstrasse 14,<\/strong><br \/>\n<strong>69121 Heidelberg &#8211; Handschuhsheim<\/strong><br \/>\n<strong>Telefon \/ Whatsapp: 0171\/4509409<\/strong><br \/>\n<strong>email: info@anahata-yoga-hei-3mhhq9paek.live-website.com<\/strong><\/p>\n","protected":false},"excerpt":{"rendered":"<p>Classes for Beginners and Advanced Students in Heidelberg &#8211; Handschuhsheim Please book your yoga class using the timetable below. We also teach every class online. If a class is already fully booked or you want to keep your distance, you can still participate in a video conference via Zoom. Every [&hellip;]<\/p>\n","protected":false},"author":1,"featured_media":4699,"parent":0,"menu_order":0,"comment_status":"closed","ping_status":"closed","template":"","meta":{"footnotes":""},"class_list":["post-3485","page","type-page","status-publish","has-post-thumbnail","hentry"],"yoast_head":"<!-- This site is optimized with the Yoast SEO Premium plugin v26.1 (Yoast SEO v27.3) - https:\/\/yoast.com\/product\/yoast-seo-premium-wordpress\/ -->\n<title>Yoga Heidelberg Schedule, Registration , Pricing<\/title>\n<meta name=\"robots\" content=\"index, follow, max-snippet:-1, max-image-preview:large, max-video-preview:-1\" \/>\n<link rel=\"canonical\" href=\"https:\/\/anahata-yoga-heidelberg.de\/en\/schedule-registration-pricing\/\" \/>\n<meta property=\"og:locale\" content=\"en_US\" \/>\n<meta property=\"og:type\" content=\"article\" \/>\n<meta property=\"og:title\" content=\"Schedule, Registration , Pricing\" \/>\n<meta property=\"og:description\" content=\"Classes for Beginners and Advanced Students in Heidelberg &#8211; Handschuhsheim Please book your yoga class using the timetable below. We also teach every class online. If a class is already fully booked or you want to keep your distance, you can still participate in a video conference via Zoom. Every [&hellip;]\" \/>\n<meta property=\"og:url\" content=\"https:\/\/anahata-yoga-heidelberg.de\/en\/schedule-registration-pricing\/\" \/>\n<meta property=\"og:site_name\" content=\"Anahata Yoga Heidelberg\" \/>\n<meta property=\"article:publisher\" content=\"https:\/\/www.facebook.com\/YogaInHeidelberg\/\" \/>\n<meta property=\"article:modified_time\" content=\"2024-12-10T23:50:19+00:00\" \/>\n<meta property=\"og:image\" content=\"https:\/\/anahata-yoga-heidelberg.de\/wp-content\/uploads\/2023\/09\/020230914_185740-Mittel-Kopie-jpg.webp\" \/>\n\t<meta property=\"og:image:width\" content=\"1365\" \/>\n\t<meta property=\"og:image:height\" content=\"768\" \/>\n\t<meta property=\"og:image:type\" content=\"image\/jpeg\" \/>\n<meta name=\"twitter:card\" content=\"summary_large_image\" \/>\n<meta name=\"twitter:label1\" content=\"Est. reading time\" \/>\n\t<meta name=\"twitter:data1\" content=\"2 minutes\" \/>\n<script type=\"application\/ld+json\" class=\"yoast-schema-graph\">{\"@context\":\"https:\\\/\\\/schema.org\",\"@graph\":[{\"@type\":\"WebPage\",\"@id\":\"https:\\\/\\\/anahata-yoga-heidelberg.de\\\/en\\\/schedule-registration-pricing\\\/\",\"url\":\"https:\\\/\\\/anahata-yoga-heidelberg.de\\\/en\\\/schedule-registration-pricing\\\/\",\"name\":\"Yoga Heidelberg Schedule, Registration , Pricing\",\"isPartOf\":{\"@id\":\"https:\\\/\\\/anahata-yoga-heidelberg.de\\\/en\\\/#website\"},\"primaryImageOfPage\":{\"@id\":\"https:\\\/\\\/anahata-yoga-heidelberg.de\\\/en\\\/schedule-registration-pricing\\\/#primaryimage\"},\"image\":{\"@id\":\"https:\\\/\\\/anahata-yoga-heidelberg.de\\\/en\\\/schedule-registration-pricing\\\/#primaryimage\"},\"thumbnailUrl\":\"https:\\\/\\\/anahata-yoga-heidelberg.de\\\/wp-content\\\/uploads\\\/2023\\\/09\\\/020230914_185740-Mittel-Kopie-jpg.webp\",\"datePublished\":\"2019-12-25T20:56:36+00:00\",\"dateModified\":\"2024-12-10T23:50:19+00:00\",\"breadcrumb\":{\"@id\":\"https:\\\/\\\/anahata-yoga-heidelberg.de\\\/en\\\/schedule-registration-pricing\\\/#breadcrumb\"},\"inLanguage\":\"en-US\",\"potentialAction\":[{\"@type\":\"ReadAction\",\"target\":[\"https:\\\/\\\/anahata-yoga-heidelberg.de\\\/en\\\/schedule-registration-pricing\\\/\"]}]},{\"@type\":\"ImageObject\",\"inLanguage\":\"en-US\",\"@id\":\"https:\\\/\\\/anahata-yoga-heidelberg.de\\\/en\\\/schedule-registration-pricing\\\/#primaryimage\",\"url\":\"https:\\\/\\\/anahata-yoga-heidelberg.de\\\/wp-content\\\/uploads\\\/2023\\\/09\\\/020230914_185740-Mittel-Kopie-jpg.webp\",\"contentUrl\":\"https:\\\/\\\/anahata-yoga-heidelberg.de\\\/wp-content\\\/uploads\\\/2023\\\/09\\\/020230914_185740-Mittel-Kopie-jpg.webp\",\"width\":1365,\"height\":768},{\"@type\":\"BreadcrumbList\",\"@id\":\"https:\\\/\\\/anahata-yoga-heidelberg.de\\\/en\\\/schedule-registration-pricing\\\/#breadcrumb\",\"itemListElement\":[{\"@type\":\"ListItem\",\"position\":1,\"name\":\"Startseite\",\"item\":\"https:\\\/\\\/anahata-yoga-heidelberg.de\\\/en\\\/\"},{\"@type\":\"ListItem\",\"position\":2,\"name\":\"Schedule, Registration , Pricing\"}]},{\"@type\":\"WebSite\",\"@id\":\"https:\\\/\\\/anahata-yoga-heidelberg.de\\\/en\\\/#website\",\"url\":\"https:\\\/\\\/anahata-yoga-heidelberg.de\\\/en\\\/\",\"name\":\"Anahata Yoga Heidelberg\",\"description\":\"Yoga in Heidelberg\",\"publisher\":{\"@id\":\"https:\\\/\\\/anahata-yoga-heidelberg.de\\\/en\\\/#organization\"},\"potentialAction\":[{\"@type\":\"SearchAction\",\"target\":{\"@type\":\"EntryPoint\",\"urlTemplate\":\"https:\\\/\\\/anahata-yoga-heidelberg.de\\\/en\\\/?s={search_term_string}\"},\"query-input\":{\"@type\":\"PropertyValueSpecification\",\"valueRequired\":true,\"valueName\":\"search_term_string\"}}],\"inLanguage\":\"en-US\"},{\"@type\":\"Organization\",\"@id\":\"https:\\\/\\\/anahata-yoga-heidelberg.de\\\/en\\\/#organization\",\"name\":\"Anahata Yoga Heidelberg\",\"url\":\"https:\\\/\\\/anahata-yoga-heidelberg.de\\\/en\\\/\",\"logo\":{\"@type\":\"ImageObject\",\"inLanguage\":\"en-US\",\"@id\":\"https:\\\/\\\/anahata-yoga-heidelberg.de\\\/en\\\/#\\\/schema\\\/logo\\\/image\\\/\",\"url\":\"https:\\\/\\\/anahata-yoga-heidelberg.de\\\/wp-content\\\/uploads\\\/2023\\\/05\\\/cropped-cropped-logoshot3.jpg\",\"contentUrl\":\"https:\\\/\\\/anahata-yoga-heidelberg.de\\\/wp-content\\\/uploads\\\/2023\\\/05\\\/cropped-cropped-logoshot3.jpg\",\"width\":512,\"height\":512,\"caption\":\"Anahata Yoga Heidelberg\"},\"image\":{\"@id\":\"https:\\\/\\\/anahata-yoga-heidelberg.de\\\/en\\\/#\\\/schema\\\/logo\\\/image\\\/\"},\"sameAs\":[\"https:\\\/\\\/www.facebook.com\\\/YogaInHeidelberg\\\/\",\"https:\\\/\\\/www.instagram.com\\\/anahata.yoga.heidelberg\\\/\"],\"description\":\"Anahata Yoga Heidelberg ist das famili\u00e4re Yogastudio in Heidelberg-Handschuhsheim. Hier findest Du individuelle Betreuung in \u00fcberschaubaren Gruppen oder beim Einzelunterricht. Auf diese Weise erm\u00f6glichen wir Anf\u00e4ngern einen soliden Einstieg ins Yoga und Fortgeschrittenen eine individuelle Entwicklung ihres eigenen Yogaweges.\",\"email\":\"info@anahata-yoga-heidelberg.de\",\"telephone\":\"01714509409\",\"foundingDate\":\"2016-10-01\"}]}<\/script>\n<!-- \/ Yoast SEO Premium plugin. -->","yoast_head_json":{"title":"Yoga Heidelberg Schedule, Registration , Pricing","robots":{"index":"index","follow":"follow","max-snippet":"max-snippet:-1","max-image-preview":"max-image-preview:large","max-video-preview":"max-video-preview:-1"},"canonical":"https:\/\/anahata-yoga-heidelberg.de\/en\/schedule-registration-pricing\/","og_locale":"en_US","og_type":"article","og_title":"Schedule, Registration , Pricing","og_description":"Classes for Beginners and Advanced Students in Heidelberg &#8211; Handschuhsheim Please book your yoga class using the timetable below. We also teach every class online. If a class is already fully booked or you want to keep your distance, you can still participate in a video conference via Zoom. Every [&hellip;]","og_url":"https:\/\/anahata-yoga-heidelberg.de\/en\/schedule-registration-pricing\/","og_site_name":"Anahata Yoga Heidelberg","article_publisher":"https:\/\/www.facebook.com\/YogaInHeidelberg\/","article_modified_time":"2024-12-10T23:50:19+00:00","og_image":[{"width":1365,"height":768,"url":"https:\/\/anahata-yoga-heidelberg.de\/wp-content\/uploads\/2023\/09\/020230914_185740-Mittel-Kopie-jpg.webp","type":"image\/jpeg"}],"twitter_card":"summary_large_image","twitter_misc":{"Est. reading time":"2 minutes"},"schema":{"@context":"https:\/\/schema.org","@graph":[{"@type":"WebPage","@id":"https:\/\/anahata-yoga-heidelberg.de\/en\/schedule-registration-pricing\/","url":"https:\/\/anahata-yoga-heidelberg.de\/en\/schedule-registration-pricing\/","name":"Yoga Heidelberg Schedule, Registration , Pricing","isPartOf":{"@id":"https:\/\/anahata-yoga-heidelberg.de\/en\/#website"},"primaryImageOfPage":{"@id":"https:\/\/anahata-yoga-heidelberg.de\/en\/schedule-registration-pricing\/#primaryimage"},"image":{"@id":"https:\/\/anahata-yoga-heidelberg.de\/en\/schedule-registration-pricing\/#primaryimage"},"thumbnailUrl":"https:\/\/anahata-yoga-heidelberg.de\/wp-content\/uploads\/2023\/09\/020230914_185740-Mittel-Kopie-jpg.webp","datePublished":"2019-12-25T20:56:36+00:00","dateModified":"2024-12-10T23:50:19+00:00","breadcrumb":{"@id":"https:\/\/anahata-yoga-heidelberg.de\/en\/schedule-registration-pricing\/#breadcrumb"},"inLanguage":"en-US","potentialAction":[{"@type":"ReadAction","target":["https:\/\/anahata-yoga-heidelberg.de\/en\/schedule-registration-pricing\/"]}]},{"@type":"ImageObject","inLanguage":"en-US","@id":"https:\/\/anahata-yoga-heidelberg.de\/en\/schedule-registration-pricing\/#primaryimage","url":"https:\/\/anahata-yoga-heidelberg.de\/wp-content\/uploads\/2023\/09\/020230914_185740-Mittel-Kopie-jpg.webp","contentUrl":"https:\/\/anahata-yoga-heidelberg.de\/wp-content\/uploads\/2023\/09\/020230914_185740-Mittel-Kopie-jpg.webp","width":1365,"height":768},{"@type":"BreadcrumbList","@id":"https:\/\/anahata-yoga-heidelberg.de\/en\/schedule-registration-pricing\/#breadcrumb","itemListElement":[{"@type":"ListItem","position":1,"name":"Startseite","item":"https:\/\/anahata-yoga-heidelberg.de\/en\/"},{"@type":"ListItem","position":2,"name":"Schedule, Registration , Pricing"}]},{"@type":"WebSite","@id":"https:\/\/anahata-yoga-heidelberg.de\/en\/#website","url":"https:\/\/anahata-yoga-heidelberg.de\/en\/","name":"Anahata Yoga Heidelberg","description":"Yoga in Heidelberg","publisher":{"@id":"https:\/\/anahata-yoga-heidelberg.de\/en\/#organization"},"potentialAction":[{"@type":"SearchAction","target":{"@type":"EntryPoint","urlTemplate":"https:\/\/anahata-yoga-heidelberg.de\/en\/?s={search_term_string}"},"query-input":{"@type":"PropertyValueSpecification","valueRequired":true,"valueName":"search_term_string"}}],"inLanguage":"en-US"},{"@type":"Organization","@id":"https:\/\/anahata-yoga-heidelberg.de\/en\/#organization","name":"Anahata Yoga Heidelberg","url":"https:\/\/anahata-yoga-heidelberg.de\/en\/","logo":{"@type":"ImageObject","inLanguage":"en-US","@id":"https:\/\/anahata-yoga-heidelberg.de\/en\/#\/schema\/logo\/image\/","url":"https:\/\/anahata-yoga-heidelberg.de\/wp-content\/uploads\/2023\/05\/cropped-cropped-logoshot3.jpg","contentUrl":"https:\/\/anahata-yoga-heidelberg.de\/wp-content\/uploads\/2023\/05\/cropped-cropped-logoshot3.jpg","width":512,"height":512,"caption":"Anahata Yoga Heidelberg"},"image":{"@id":"https:\/\/anahata-yoga-heidelberg.de\/en\/#\/schema\/logo\/image\/"},"sameAs":["https:\/\/www.facebook.com\/YogaInHeidelberg\/","https:\/\/www.instagram.com\/anahata.yoga.heidelberg\/"],"description":"Anahata Yoga Heidelberg ist das famili\u00e4re Yogastudio in Heidelberg-Handschuhsheim. Hier findest Du individuelle Betreuung in \u00fcberschaubaren Gruppen oder beim Einzelunterricht. Auf diese Weise erm\u00f6glichen wir Anf\u00e4ngern einen soliden Einstieg ins Yoga und Fortgeschrittenen eine individuelle Entwicklung ihres eigenen Yogaweges.","email":"info@anahata-yoga-heidelberg.de","telephone":"01714509409","foundingDate":"2016-10-01"}]}},"_links":{"self":[{"href":"https:\/\/anahata-yoga-heidelberg.de\/en\/wp-json\/wp\/v2\/pages\/3485","targetHints":{"allow":["GET"]}}],"collection":[{"href":"https:\/\/anahata-yoga-heidelberg.de\/en\/wp-json\/wp\/v2\/pages"}],"about":[{"href":"https:\/\/anahata-yoga-heidelberg.de\/en\/wp-json\/wp\/v2\/types\/page"}],"author":[{"embeddable":true,"href":"https:\/\/anahata-yoga-heidelberg.de\/en\/wp-json\/wp\/v2\/users\/1"}],"replies":[{"embeddable":true,"href":"https:\/\/anahata-yoga-heidelberg.de\/en\/wp-json\/wp\/v2\/comments?post=3485"}],"version-history":[{"count":12,"href":"https:\/\/anahata-yoga-heidelberg.de\/en\/wp-json\/wp\/v2\/pages\/3485\/revisions"}],"predecessor-version":[{"id":4735,"href":"https:\/\/anahata-yoga-heidelberg.de\/en\/wp-json\/wp\/v2\/pages\/3485\/revisions\/4735"}],"wp:featuredmedia":[{"embeddable":true,"href":"https:\/\/anahata-yoga-heidelberg.de\/en\/wp-json\/wp\/v2\/media\/4699"}],"wp:attachment":[{"href":"https:\/\/anahata-yoga-heidelberg.de\/en\/wp-json\/wp\/v2\/media?parent=3485"}],"curies":[{"name":"wp","href":"https:\/\/api.w.org\/{rel}","templated":true}]}}