{"id":3330,"date":"2019-06-10T16:15:13","date_gmt":"2019-06-10T14:15:13","guid":{"rendered":"https:\/\/anahata-yoga-heidelberg.de\/fuenf-freunde\/"},"modified":"2019-12-22T20:39:39","modified_gmt":"2019-12-22T18:39:39","slug":"fuenf-freunde","status":"publish","type":"page","link":"https:\/\/anahata-yoga-heidelberg.de\/en\/fuenf-freunde\/","title":{"rendered":"You have to be Five Friends ;)"},"content":{"rendered":"<h1 id=\"tw-target-text\" class=\"tw-data-text tw-ta tw-text-medium\" dir=\"ltr\" data-placeholder=\"\u00dcbersetzung\"><span lang=\"en\" style=\"color: #333333;\" tabindex=\"0\">Book your own group lesson !!!<\/span><\/h1>\n<h1><img loading=\"lazy\" decoding=\"async\" class=\"alignnone size-full wp-image-2981\" src=\"https:\/\/anahata-yoga-heidelberg.de\/wp-content\/uploads\/2019\/04\/IMG_4545_InPixioa.jpg\" alt=\"IMG_4545_InPixioa\" width=\"1642\" height=\"1095\" srcset=\"https:\/\/anahata-yoga-heidelberg.de\/wp-content\/uploads\/2019\/04\/IMG_4545_InPixioa.jpg 1642w, https:\/\/anahata-yoga-heidelberg.de\/wp-content\/uploads\/2019\/04\/IMG_4545_InPixioa-300x200.jpg 300w, https:\/\/anahata-yoga-heidelberg.de\/wp-content\/uploads\/2019\/04\/IMG_4545_InPixioa-768x512.jpg 768w, https:\/\/anahata-yoga-heidelberg.de\/wp-content\/uploads\/2019\/04\/IMG_4545_InPixioa-1024x683.jpg 1024w, https:\/\/anahata-yoga-heidelberg.de\/wp-content\/uploads\/2019\/04\/IMG_4545_InPixioa-360x240.jpg 360w\" sizes=\"auto, (max-width: 1642px) 100vw, 1642px\" \/><\/h1>\n<h2 class=\"tw-data-text tw-text-large tw-ta\" data-placeholder=\"\u00dcbersetzung\" id=\"tw-target-text\" dir=\"ltr\"><span lang=\"en\" tabindex=\"0\">Do you have four friends? Or more? <\/span><\/h2>\n<h4 class=\"tw-data-text tw-text-large tw-ta\" data-placeholder=\"\u00dcbersetzung\" dir=\"ltr\"><span lang=\"en\" tabindex=\"0\">You have to be five friends. Then you can choose the time for your group lesson! <\/span><\/h4>\n<h4 class=\"tw-data-text tw-text-large tw-ta\" data-placeholder=\"\u00dcbersetzung\" dir=\"ltr\"><span lang=\"en\" tabindex=\"0\">I offer you a class system that you can design yourself. Simply click on the registration and choose the right date for your group!<\/span><\/h4>\n<p>Pricing: 60 Euro for a group of five. Each further participant 10 Euro.<\/p>\n<h2 style=\"text-align: center;\"><a href=\"https:\/\/calendly.com\/michael-morsch\/yoga-einzelstunde\" target=\"_blank\" rel=\"noopener noreferrer\">Register at Calendly<\/a><\/h2>\n<p><a href=\"https:\/\/calendly.com\/michael-morsch\/yoga-einzelstunde\" target=\"_blank\" rel=\"noopener noreferrer\"><img loading=\"lazy\" decoding=\"async\" class=\" size-full wp-image-2300 aligncenter\" src=\"https:\/\/anahata-yoga-heidelberg.de\/wp-content\/uploads\/2018\/04\/button.png\" alt=\"button\" width=\"348\" height=\"117\" srcset=\"https:\/\/anahata-yoga-heidelberg.de\/wp-content\/uploads\/2018\/04\/button.png 348w, https:\/\/anahata-yoga-heidelberg.de\/wp-content\/uploads\/2018\/04\/button-300x101.png 300w\" sizes=\"auto, (max-width: 348px) 100vw, 348px\" \/><\/a><\/p>\n","protected":false},"excerpt":{"rendered":"<p>Book your own group lesson !!! Do you have four friends? Or more? You have to be five friends. Then you can choose the time for your group lesson! I offer you a class system that you can design yourself. Simply click on the registration and choose the right date [&hellip;]<\/p>\n","protected":false},"author":1,"featured_media":3331,"parent":0,"menu_order":0,"comment_status":"closed","ping_status":"closed","template":"","meta":{"footnotes":""},"class_list":["post-3330","page","type-page","status-publish","has-post-thumbnail","hentry"],"yoast_head":"<!-- This site is optimized with the Yoast SEO Premium plugin v26.1 (Yoast SEO v27.3) - https:\/\/yoast.com\/product\/yoast-seo-premium-wordpress\/ -->\n<title>Private Yoga Group Lessons in Heidelberg<\/title>\n<meta name=\"robots\" content=\"index, follow, max-snippet:-1, max-image-preview:large, max-video-preview:-1\" \/>\n<link rel=\"canonical\" href=\"https:\/\/anahata-yoga-heidelberg.de\/en\/fuenf-freunde\/\" \/>\n<meta property=\"og:locale\" content=\"en_US\" \/>\n<meta property=\"og:type\" content=\"article\" \/>\n<meta property=\"og:title\" content=\"You have to be Five Friends ;)\" \/>\n<meta property=\"og:description\" content=\"Book your own group lesson !!! Do you have four friends? Or more? You have to be five friends. Then you can choose the time for your group lesson! I offer you a class system that you can design yourself. Simply click on the registration and choose the right date [&hellip;]\" \/>\n<meta property=\"og:url\" content=\"https:\/\/anahata-yoga-heidelberg.de\/en\/fuenf-freunde\/\" \/>\n<meta property=\"og:site_name\" content=\"Anahata Yoga Heidelberg\" \/>\n<meta property=\"article:publisher\" content=\"https:\/\/www.facebook.com\/YogaInHeidelberg\/\" \/>\n<meta property=\"article:modified_time\" content=\"2019-12-22T18:39:39+00:00\" \/>\n<meta property=\"og:image\" content=\"https:\/\/anahata-yoga-heidelberg.de\/wp-content\/uploads\/2019\/04\/IMG_4545_InPixioa.jpg\" \/>\n\t<meta property=\"og:image:width\" content=\"1642\" \/>\n\t<meta property=\"og:image:height\" content=\"1095\" \/>\n\t<meta property=\"og:image:type\" content=\"image\/jpeg\" \/>\n<meta name=\"twitter:card\" content=\"summary_large_image\" \/>\n<script type=\"application\/ld+json\" class=\"yoast-schema-graph\">{\"@context\":\"https:\\\/\\\/schema.org\",\"@graph\":[{\"@type\":\"WebPage\",\"@id\":\"https:\\\/\\\/anahata-yoga-heidelberg.de\\\/en\\\/fuenf-freunde\\\/\",\"url\":\"https:\\\/\\\/anahata-yoga-heidelberg.de\\\/en\\\/fuenf-freunde\\\/\",\"name\":\"Private Yoga Group Lessons in Heidelberg\",\"isPartOf\":{\"@id\":\"https:\\\/\\\/anahata-yoga-heidelberg.de\\\/en\\\/#website\"},\"primaryImageOfPage\":{\"@id\":\"https:\\\/\\\/anahata-yoga-heidelberg.de\\\/en\\\/fuenf-freunde\\\/#primaryimage\"},\"image\":{\"@id\":\"https:\\\/\\\/anahata-yoga-heidelberg.de\\\/en\\\/fuenf-freunde\\\/#primaryimage\"},\"thumbnailUrl\":\"https:\\\/\\\/anahata-yoga-heidelberg.de\\\/wp-content\\\/uploads\\\/2019\\\/04\\\/IMG_4545_InPixioa.jpg\",\"datePublished\":\"2019-06-10T14:15:13+00:00\",\"dateModified\":\"2019-12-22T18:39:39+00:00\",\"breadcrumb\":{\"@id\":\"https:\\\/\\\/anahata-yoga-heidelberg.de\\\/en\\\/fuenf-freunde\\\/#breadcrumb\"},\"inLanguage\":\"en-US\",\"potentialAction\":[{\"@type\":\"ReadAction\",\"target\":[\"https:\\\/\\\/anahata-yoga-heidelberg.de\\\/en\\\/fuenf-freunde\\\/\"]}]},{\"@type\":\"ImageObject\",\"inLanguage\":\"en-US\",\"@id\":\"https:\\\/\\\/anahata-yoga-heidelberg.de\\\/en\\\/fuenf-freunde\\\/#primaryimage\",\"url\":\"https:\\\/\\\/anahata-yoga-heidelberg.de\\\/wp-content\\\/uploads\\\/2019\\\/04\\\/IMG_4545_InPixioa.jpg\",\"contentUrl\":\"https:\\\/\\\/anahata-yoga-heidelberg.de\\\/wp-content\\\/uploads\\\/2019\\\/04\\\/IMG_4545_InPixioa.jpg\",\"width\":1642,\"height\":1095},{\"@type\":\"BreadcrumbList\",\"@id\":\"https:\\\/\\\/anahata-yoga-heidelberg.de\\\/en\\\/fuenf-freunde\\\/#breadcrumb\",\"itemListElement\":[{\"@type\":\"ListItem\",\"position\":1,\"name\":\"Startseite\",\"item\":\"https:\\\/\\\/anahata-yoga-heidelberg.de\\\/en\\\/\"},{\"@type\":\"ListItem\",\"position\":2,\"name\":\"You have to be Five Friends ;)\"}]},{\"@type\":\"WebSite\",\"@id\":\"https:\\\/\\\/anahata-yoga-heidelberg.de\\\/en\\\/#website\",\"url\":\"https:\\\/\\\/anahata-yoga-heidelberg.de\\\/en\\\/\",\"name\":\"Anahata Yoga Heidelberg\",\"description\":\"Yoga in Heidelberg\",\"publisher\":{\"@id\":\"https:\\\/\\\/anahata-yoga-heidelberg.de\\\/en\\\/#organization\"},\"potentialAction\":[{\"@type\":\"SearchAction\",\"target\":{\"@type\":\"EntryPoint\",\"urlTemplate\":\"https:\\\/\\\/anahata-yoga-heidelberg.de\\\/en\\\/?s={search_term_string}\"},\"query-input\":{\"@type\":\"PropertyValueSpecification\",\"valueRequired\":true,\"valueName\":\"search_term_string\"}}],\"inLanguage\":\"en-US\"},{\"@type\":\"Organization\",\"@id\":\"https:\\\/\\\/anahata-yoga-heidelberg.de\\\/en\\\/#organization\",\"name\":\"Anahata Yoga Heidelberg\",\"url\":\"https:\\\/\\\/anahata-yoga-heidelberg.de\\\/en\\\/\",\"logo\":{\"@type\":\"ImageObject\",\"inLanguage\":\"en-US\",\"@id\":\"https:\\\/\\\/anahata-yoga-heidelberg.de\\\/en\\\/#\\\/schema\\\/logo\\\/image\\\/\",\"url\":\"https:\\\/\\\/anahata-yoga-heidelberg.de\\\/wp-content\\\/uploads\\\/2023\\\/05\\\/cropped-cropped-logoshot3.jpg\",\"contentUrl\":\"https:\\\/\\\/anahata-yoga-heidelberg.de\\\/wp-content\\\/uploads\\\/2023\\\/05\\\/cropped-cropped-logoshot3.jpg\",\"width\":512,\"height\":512,\"caption\":\"Anahata Yoga Heidelberg\"},\"image\":{\"@id\":\"https:\\\/\\\/anahata-yoga-heidelberg.de\\\/en\\\/#\\\/schema\\\/logo\\\/image\\\/\"},\"sameAs\":[\"https:\\\/\\\/www.facebook.com\\\/YogaInHeidelberg\\\/\",\"https:\\\/\\\/www.instagram.com\\\/anahata.yoga.heidelberg\\\/\"],\"description\":\"Anahata Yoga Heidelberg ist das famili\u00e4re Yogastudio in Heidelberg-Handschuhsheim. Hier findest Du individuelle Betreuung in \u00fcberschaubaren Gruppen oder beim Einzelunterricht. Auf diese Weise erm\u00f6glichen wir Anf\u00e4ngern einen soliden Einstieg ins Yoga und Fortgeschrittenen eine individuelle Entwicklung ihres eigenen Yogaweges.\",\"email\":\"info@anahata-yoga-heidelberg.de\",\"telephone\":\"01714509409\",\"foundingDate\":\"2016-10-01\"}]}<\/script>\n<!-- \/ Yoast SEO Premium plugin. -->","yoast_head_json":{"title":"Private Yoga Group Lessons in Heidelberg","robots":{"index":"index","follow":"follow","max-snippet":"max-snippet:-1","max-image-preview":"max-image-preview:large","max-video-preview":"max-video-preview:-1"},"canonical":"https:\/\/anahata-yoga-heidelberg.de\/en\/fuenf-freunde\/","og_locale":"en_US","og_type":"article","og_title":"You have to be Five Friends ;)","og_description":"Book your own group lesson !!! Do you have four friends? Or more? You have to be five friends. Then you can choose the time for your group lesson! I offer you a class system that you can design yourself. Simply click on the registration and choose the right date [&hellip;]","og_url":"https:\/\/anahata-yoga-heidelberg.de\/en\/fuenf-freunde\/","og_site_name":"Anahata Yoga Heidelberg","article_publisher":"https:\/\/www.facebook.com\/YogaInHeidelberg\/","article_modified_time":"2019-12-22T18:39:39+00:00","og_image":[{"width":1642,"height":1095,"url":"https:\/\/anahata-yoga-heidelberg.de\/wp-content\/uploads\/2019\/04\/IMG_4545_InPixioa.jpg","type":"image\/jpeg"}],"twitter_card":"summary_large_image","schema":{"@context":"https:\/\/schema.org","@graph":[{"@type":"WebPage","@id":"https:\/\/anahata-yoga-heidelberg.de\/en\/fuenf-freunde\/","url":"https:\/\/anahata-yoga-heidelberg.de\/en\/fuenf-freunde\/","name":"Private Yoga Group Lessons in Heidelberg","isPartOf":{"@id":"https:\/\/anahata-yoga-heidelberg.de\/en\/#website"},"primaryImageOfPage":{"@id":"https:\/\/anahata-yoga-heidelberg.de\/en\/fuenf-freunde\/#primaryimage"},"image":{"@id":"https:\/\/anahata-yoga-heidelberg.de\/en\/fuenf-freunde\/#primaryimage"},"thumbnailUrl":"https:\/\/anahata-yoga-heidelberg.de\/wp-content\/uploads\/2019\/04\/IMG_4545_InPixioa.jpg","datePublished":"2019-06-10T14:15:13+00:00","dateModified":"2019-12-22T18:39:39+00:00","breadcrumb":{"@id":"https:\/\/anahata-yoga-heidelberg.de\/en\/fuenf-freunde\/#breadcrumb"},"inLanguage":"en-US","potentialAction":[{"@type":"ReadAction","target":["https:\/\/anahata-yoga-heidelberg.de\/en\/fuenf-freunde\/"]}]},{"@type":"ImageObject","inLanguage":"en-US","@id":"https:\/\/anahata-yoga-heidelberg.de\/en\/fuenf-freunde\/#primaryimage","url":"https:\/\/anahata-yoga-heidelberg.de\/wp-content\/uploads\/2019\/04\/IMG_4545_InPixioa.jpg","contentUrl":"https:\/\/anahata-yoga-heidelberg.de\/wp-content\/uploads\/2019\/04\/IMG_4545_InPixioa.jpg","width":1642,"height":1095},{"@type":"BreadcrumbList","@id":"https:\/\/anahata-yoga-heidelberg.de\/en\/fuenf-freunde\/#breadcrumb","itemListElement":[{"@type":"ListItem","position":1,"name":"Startseite","item":"https:\/\/anahata-yoga-heidelberg.de\/en\/"},{"@type":"ListItem","position":2,"name":"You have to be Five Friends ;)"}]},{"@type":"WebSite","@id":"https:\/\/anahata-yoga-heidelberg.de\/en\/#website","url":"https:\/\/anahata-yoga-heidelberg.de\/en\/","name":"Anahata Yoga Heidelberg","description":"Yoga in Heidelberg","publisher":{"@id":"https:\/\/anahata-yoga-heidelberg.de\/en\/#organization"},"potentialAction":[{"@type":"SearchAction","target":{"@type":"EntryPoint","urlTemplate":"https:\/\/anahata-yoga-heidelberg.de\/en\/?s={search_term_string}"},"query-input":{"@type":"PropertyValueSpecification","valueRequired":true,"valueName":"search_term_string"}}],"inLanguage":"en-US"},{"@type":"Organization","@id":"https:\/\/anahata-yoga-heidelberg.de\/en\/#organization","name":"Anahata Yoga Heidelberg","url":"https:\/\/anahata-yoga-heidelberg.de\/en\/","logo":{"@type":"ImageObject","inLanguage":"en-US","@id":"https:\/\/anahata-yoga-heidelberg.de\/en\/#\/schema\/logo\/image\/","url":"https:\/\/anahata-yoga-heidelberg.de\/wp-content\/uploads\/2023\/05\/cropped-cropped-logoshot3.jpg","contentUrl":"https:\/\/anahata-yoga-heidelberg.de\/wp-content\/uploads\/2023\/05\/cropped-cropped-logoshot3.jpg","width":512,"height":512,"caption":"Anahata Yoga Heidelberg"},"image":{"@id":"https:\/\/anahata-yoga-heidelberg.de\/en\/#\/schema\/logo\/image\/"},"sameAs":["https:\/\/www.facebook.com\/YogaInHeidelberg\/","https:\/\/www.instagram.com\/anahata.yoga.heidelberg\/"],"description":"Anahata Yoga Heidelberg ist das famili\u00e4re Yogastudio in Heidelberg-Handschuhsheim. Hier findest Du individuelle Betreuung in \u00fcberschaubaren Gruppen oder beim Einzelunterricht. Auf diese Weise erm\u00f6glichen wir Anf\u00e4ngern einen soliden Einstieg ins Yoga und Fortgeschrittenen eine individuelle Entwicklung ihres eigenen Yogaweges.","email":"info@anahata-yoga-heidelberg.de","telephone":"01714509409","foundingDate":"2016-10-01"}]}},"_links":{"self":[{"href":"https:\/\/anahata-yoga-heidelberg.de\/en\/wp-json\/wp\/v2\/pages\/3330","targetHints":{"allow":["GET"]}}],"collection":[{"href":"https:\/\/anahata-yoga-heidelberg.de\/en\/wp-json\/wp\/v2\/pages"}],"about":[{"href":"https:\/\/anahata-yoga-heidelberg.de\/en\/wp-json\/wp\/v2\/types\/page"}],"author":[{"embeddable":true,"href":"https:\/\/anahata-yoga-heidelberg.de\/en\/wp-json\/wp\/v2\/users\/1"}],"replies":[{"embeddable":true,"href":"https:\/\/anahata-yoga-heidelberg.de\/en\/wp-json\/wp\/v2\/comments?post=3330"}],"version-history":[{"count":0,"href":"https:\/\/anahata-yoga-heidelberg.de\/en\/wp-json\/wp\/v2\/pages\/3330\/revisions"}],"wp:featuredmedia":[{"embeddable":true,"href":"https:\/\/anahata-yoga-heidelberg.de\/en\/wp-json\/wp\/v2\/media\/3331"}],"wp:attachment":[{"href":"https:\/\/anahata-yoga-heidelberg.de\/en\/wp-json\/wp\/v2\/media?parent=3330"}],"curies":[{"name":"wp","href":"https:\/\/api.w.org\/{rel}","templated":true}]}}