{"id":3327,"date":"2019-12-20T17:39:35","date_gmt":"2019-12-20T15:39:35","guid":{"rendered":"https:\/\/anahata-yoga-heidelberg.de\/new-at-yoga\/"},"modified":"2025-01-24T17:45:11","modified_gmt":"2025-01-24T15:45:11","slug":"new-at-yoga","status":"publish","type":"page","link":"https:\/\/anahata-yoga-heidelberg.de\/en\/new-at-yoga\/","title":{"rendered":"About us"},"content":{"rendered":"<h1>Anahata Yoga Heidelberg &#8211; About us<\/h1>\n<h2>New at YOGA?<\/h2>\n<h3>Great that you are here and interested in yoga.<\/h3>\n<p>My studio is good for <strong>all people<\/strong> who want to take care of their<strong> body<\/strong> and long for more<strong> inner silence and relaxation<\/strong>. Here you will find your place where you can feel fully accepted and be as you are.<\/p>\n<p><img loading=\"lazy\" decoding=\"async\" class=\"alignnone wp-image-2966 aligncenter\" src=\"https:\/\/anahata-yoga-heidelberg.de\/wp-content\/uploads\/2019\/04\/IMG_3652-klein-300x190.jpg\" alt=\"\" width=\"414\" height=\"262\" srcset=\"https:\/\/anahata-yoga-heidelberg.de\/wp-content\/uploads\/2019\/04\/IMG_3652-klein-300x190.jpg 300w, https:\/\/anahata-yoga-heidelberg.de\/wp-content\/uploads\/2019\/04\/IMG_3652-klein-768x487.jpg 768w, https:\/\/anahata-yoga-heidelberg.de\/wp-content\/uploads\/2019\/04\/IMG_3652-klein.jpg 977w\" sizes=\"auto, (max-width: 414px) 100vw, 414px\" \/><\/p>\n<h3>Do you think that yoga is only for very flexible and athletic people who can bend well?<\/h3>\n<p>Then you will be convinced otherwise. <strong>Physical limitations, figure or athleticism play no role for us.<\/strong> Unfortunately, advertising on the Internet and social media often creates a very one-sided picture of yoga. Here, lean, fully flexible yoga models are presented, which tend to deter people who are not quite as fit and agile and tempt physically gifted people to a harmful practice.<\/p>\n<p><img loading=\"lazy\" decoding=\"async\" class=\"size-medium wp-image-2996 aligncenter\" src=\"https:\/\/anahata-yoga-heidelberg.de\/wp-content\/uploads\/2019\/05\/20180731_191752-Wiederhergestellt-1-300x294.jpg\" alt=\"\" width=\"300\" height=\"294\" srcset=\"https:\/\/anahata-yoga-heidelberg.de\/wp-content\/uploads\/2019\/05\/20180731_191752-Wiederhergestellt-1-300x294.jpg 300w, https:\/\/anahata-yoga-heidelberg.de\/wp-content\/uploads\/2019\/05\/20180731_191752-Wiederhergestellt-1-768x754.jpg 768w, https:\/\/anahata-yoga-heidelberg.de\/wp-content\/uploads\/2019\/05\/20180731_191752-Wiederhergestellt-1-1024x1005.jpg 1024w, https:\/\/anahata-yoga-heidelberg.de\/wp-content\/uploads\/2019\/05\/20180731_191752-Wiederhergestellt-1-50x50.jpg 50w, https:\/\/anahata-yoga-heidelberg.de\/wp-content\/uploads\/2019\/05\/20180731_191752-Wiederhergestellt-1.jpg 1223w\" sizes=\"auto, (max-width: 300px) 100vw, 300px\" \/><\/p>\n<h4><strong>Everybody can do Yoga!<\/strong><\/h4>\n<p>Yoga is <strong>good for every body and every constitution<\/strong>. Whether woman or man, overweight or underweight, sporty or meditative, young or old, sick or healthy, there are as many postures and movements as people practising. It is not about spectacular attitudes but about what you need for your <strong>physical and mental development<\/strong>.<\/p>\n<p>Our students come to Anahata Studio to discuss their physical issues, such as To treat back pain, circulatory problems and asthma you also come to find more <strong>peace and balance<\/strong>.<\/p>\n<h4><strong>Yoga for Everybody? We find your Yoga!<\/strong><\/h4>\n<p>Your yoga practice should be adapted to <strong>you and your needs<\/strong>. For this reason, it is very important to me to organize yoga classes according to what my students need and not to overload them. The asana should be tailored to you and, if necessary, adapted to your anatomy. Pain when practising or afterwards should not be. Occasional sore muscles are allowed<img decoding=\"async\" class=\"emoji\" draggable=\"false\" src=\"https:\/\/s.w.org\/images\/core\/emoji\/11.2.0\/svg\/1f609.svg\" alt=\"?\" \/><\/p>\n<p>By this principle, we develop exercises, sequences and workouts that you can reproduce in your own practice at home.<\/p>\n<p><img loading=\"lazy\" decoding=\"async\" class=\"alignnone size-medium wp-image-2973\" src=\"https:\/\/anahata-yoga-heidelberg.de\/wp-content\/uploads\/2019\/04\/IMG_4658a-274x300.jpg\" alt=\"\" width=\"274\" height=\"300\" srcset=\"https:\/\/anahata-yoga-heidelberg.de\/wp-content\/uploads\/2019\/04\/IMG_4658a-274x300.jpg 274w, https:\/\/anahata-yoga-heidelberg.de\/wp-content\/uploads\/2019\/04\/IMG_4658a.jpg 395w\" sizes=\"auto, (max-width: 274px) 100vw, 274px\" \/> <img loading=\"lazy\" decoding=\"async\" class=\"alignnone size-medium wp-image-2974\" src=\"https:\/\/anahata-yoga-heidelberg.de\/wp-content\/uploads\/2019\/04\/IMG_4660b-281x300.jpg\" alt=\"\" width=\"281\" height=\"300\" srcset=\"https:\/\/anahata-yoga-heidelberg.de\/wp-content\/uploads\/2019\/04\/IMG_4660b-281x300.jpg 281w, https:\/\/anahata-yoga-heidelberg.de\/wp-content\/uploads\/2019\/04\/IMG_4660b-768x820.jpg 768w, https:\/\/anahata-yoga-heidelberg.de\/wp-content\/uploads\/2019\/04\/IMG_4660b-959x1024.jpg 959w, https:\/\/anahata-yoga-heidelberg.de\/wp-content\/uploads\/2019\/04\/IMG_4660b.jpg 1124w\" sizes=\"auto, (max-width: 281px) 100vw, 281px\" \/><\/p>\n<h3>What do you need for your first Yoga lesson?<\/h3>\n<p>All you need is yourself, comfortable clothes, maybe water to drink. That&#8217;s all!<\/p>\n<p><span>When you come to your first class it would be good to come 15 minutes earlier to your first appointment. Then I can give you a short introduction about the teaching system and my style and we can talk about your wishes and expectations concerning yoga.<\/span><\/p>\n<h3>Curious? Register for a trial class:<\/h3>\n<p><img loading=\"lazy\" decoding=\"async\" class=\" size-full wp-image-2300 aligncenter\" src=\"https:\/\/anahata-yoga-heidelberg.de\/wp-content\/uploads\/2018\/04\/button.png\" alt=\"button\" width=\"348\" height=\"117\" srcset=\"https:\/\/anahata-yoga-heidelberg.de\/wp-content\/uploads\/2018\/04\/button.png 348w, https:\/\/anahata-yoga-heidelberg.de\/wp-content\/uploads\/2018\/04\/button-300x101.png 300w\" sizes=\"auto, (max-width: 348px) 100vw, 348px\" \/><\/p>\n<h3 style=\"text-align: center;\">See you soon! Your Anahata-Team \ud83d\ude42<\/h3>\n<p><a href=\"https:\/\/anahata-yoga-heidelberg.de\/kontakt\/\">If you have any further questions, please write to me using the contact form.<\/a><\/p>\n","protected":false},"excerpt":{"rendered":"<p>Anahata Yoga Heidelberg &#8211; About us New at YOGA? Great that you are here and interested in yoga. My studio is good for all people who want to take care of their body and long for more inner silence and relaxation. Here you will find your place where you can [&hellip;]<\/p>\n","protected":false},"author":1,"featured_media":3419,"parent":0,"menu_order":0,"comment_status":"closed","ping_status":"closed","template":"","meta":{"footnotes":""},"class_list":["post-3327","page","type-page","status-publish","has-post-thumbnail","hentry"],"yoast_head":"<!-- This site is optimized with the Yoast SEO Premium plugin v26.1 (Yoast SEO v27.3) - https:\/\/yoast.com\/product\/yoast-seo-premium-wordpress\/ -->\n<title>Our Yoga Studio in Heidelberg<\/title>\n<meta name=\"description\" content=\"For your first Yogalesson all you need is yourself, comfortable clothes, maybe water to drink. That&#039;s all!\" \/>\n<meta name=\"robots\" content=\"index, follow, max-snippet:-1, max-image-preview:large, max-video-preview:-1\" \/>\n<link rel=\"canonical\" href=\"https:\/\/anahata-yoga-heidelberg.de\/en\/new-at-yoga\/\" \/>\n<meta property=\"og:locale\" content=\"en_US\" \/>\n<meta property=\"og:type\" content=\"article\" \/>\n<meta property=\"og:title\" content=\"About us\" \/>\n<meta property=\"og:description\" content=\"For your first Yogalesson all you need is yourself, comfortable clothes, maybe water to drink. That&#039;s all!\" \/>\n<meta property=\"og:url\" content=\"https:\/\/anahata-yoga-heidelberg.de\/en\/new-at-yoga\/\" \/>\n<meta property=\"og:site_name\" content=\"Anahata Yoga Heidelberg\" \/>\n<meta property=\"article:publisher\" content=\"https:\/\/www.facebook.com\/YogaInHeidelberg\/\" \/>\n<meta property=\"article:modified_time\" content=\"2025-01-24T15:45:11+00:00\" \/>\n<meta property=\"og:image\" content=\"https:\/\/anahata-yoga-heidelberg.de\/wp-content\/uploads\/2019\/03\/IMG_4605_InPixio3-klein.jpg\" \/>\n\t<meta property=\"og:image:width\" content=\"1642\" \/>\n\t<meta property=\"og:image:height\" content=\"1095\" \/>\n\t<meta property=\"og:image:type\" content=\"image\/jpeg\" \/>\n<meta name=\"twitter:card\" content=\"summary_large_image\" \/>\n<meta name=\"twitter:label1\" content=\"Est. reading time\" \/>\n\t<meta name=\"twitter:data1\" content=\"4 minutes\" \/>\n<script type=\"application\/ld+json\" class=\"yoast-schema-graph\">{\"@context\":\"https:\\\/\\\/schema.org\",\"@graph\":[{\"@type\":\"WebPage\",\"@id\":\"https:\\\/\\\/anahata-yoga-heidelberg.de\\\/en\\\/new-at-yoga\\\/\",\"url\":\"https:\\\/\\\/anahata-yoga-heidelberg.de\\\/en\\\/new-at-yoga\\\/\",\"name\":\"Our Yoga Studio in Heidelberg\",\"isPartOf\":{\"@id\":\"https:\\\/\\\/anahata-yoga-heidelberg.de\\\/en\\\/#website\"},\"primaryImageOfPage\":{\"@id\":\"https:\\\/\\\/anahata-yoga-heidelberg.de\\\/en\\\/new-at-yoga\\\/#primaryimage\"},\"image\":{\"@id\":\"https:\\\/\\\/anahata-yoga-heidelberg.de\\\/en\\\/new-at-yoga\\\/#primaryimage\"},\"thumbnailUrl\":\"https:\\\/\\\/anahata-yoga-heidelberg.de\\\/wp-content\\\/uploads\\\/2019\\\/03\\\/IMG_4605_InPixio3-klein.jpg\",\"datePublished\":\"2019-12-20T15:39:35+00:00\",\"dateModified\":\"2025-01-24T15:45:11+00:00\",\"description\":\"For your first Yogalesson all you need is yourself, comfortable clothes, maybe water to drink. That's all!\",\"breadcrumb\":{\"@id\":\"https:\\\/\\\/anahata-yoga-heidelberg.de\\\/en\\\/new-at-yoga\\\/#breadcrumb\"},\"inLanguage\":\"en-US\",\"potentialAction\":[{\"@type\":\"ReadAction\",\"target\":[\"https:\\\/\\\/anahata-yoga-heidelberg.de\\\/en\\\/new-at-yoga\\\/\"]}]},{\"@type\":\"ImageObject\",\"inLanguage\":\"en-US\",\"@id\":\"https:\\\/\\\/anahata-yoga-heidelberg.de\\\/en\\\/new-at-yoga\\\/#primaryimage\",\"url\":\"https:\\\/\\\/anahata-yoga-heidelberg.de\\\/wp-content\\\/uploads\\\/2019\\\/03\\\/IMG_4605_InPixio3-klein.jpg\",\"contentUrl\":\"https:\\\/\\\/anahata-yoga-heidelberg.de\\\/wp-content\\\/uploads\\\/2019\\\/03\\\/IMG_4605_InPixio3-klein.jpg\",\"width\":1642,\"height\":1095},{\"@type\":\"BreadcrumbList\",\"@id\":\"https:\\\/\\\/anahata-yoga-heidelberg.de\\\/en\\\/new-at-yoga\\\/#breadcrumb\",\"itemListElement\":[{\"@type\":\"ListItem\",\"position\":1,\"name\":\"Startseite\",\"item\":\"https:\\\/\\\/anahata-yoga-heidelberg.de\\\/en\\\/\"},{\"@type\":\"ListItem\",\"position\":2,\"name\":\"About us\"}]},{\"@type\":\"WebSite\",\"@id\":\"https:\\\/\\\/anahata-yoga-heidelberg.de\\\/en\\\/#website\",\"url\":\"https:\\\/\\\/anahata-yoga-heidelberg.de\\\/en\\\/\",\"name\":\"Anahata Yoga Heidelberg\",\"description\":\"Yoga in Heidelberg\",\"publisher\":{\"@id\":\"https:\\\/\\\/anahata-yoga-heidelberg.de\\\/en\\\/#organization\"},\"potentialAction\":[{\"@type\":\"SearchAction\",\"target\":{\"@type\":\"EntryPoint\",\"urlTemplate\":\"https:\\\/\\\/anahata-yoga-heidelberg.de\\\/en\\\/?s={search_term_string}\"},\"query-input\":{\"@type\":\"PropertyValueSpecification\",\"valueRequired\":true,\"valueName\":\"search_term_string\"}}],\"inLanguage\":\"en-US\"},{\"@type\":\"Organization\",\"@id\":\"https:\\\/\\\/anahata-yoga-heidelberg.de\\\/en\\\/#organization\",\"name\":\"Anahata Yoga Heidelberg\",\"url\":\"https:\\\/\\\/anahata-yoga-heidelberg.de\\\/en\\\/\",\"logo\":{\"@type\":\"ImageObject\",\"inLanguage\":\"en-US\",\"@id\":\"https:\\\/\\\/anahata-yoga-heidelberg.de\\\/en\\\/#\\\/schema\\\/logo\\\/image\\\/\",\"url\":\"https:\\\/\\\/anahata-yoga-heidelberg.de\\\/wp-content\\\/uploads\\\/2023\\\/05\\\/cropped-cropped-logoshot3.jpg\",\"contentUrl\":\"https:\\\/\\\/anahata-yoga-heidelberg.de\\\/wp-content\\\/uploads\\\/2023\\\/05\\\/cropped-cropped-logoshot3.jpg\",\"width\":512,\"height\":512,\"caption\":\"Anahata Yoga Heidelberg\"},\"image\":{\"@id\":\"https:\\\/\\\/anahata-yoga-heidelberg.de\\\/en\\\/#\\\/schema\\\/logo\\\/image\\\/\"},\"sameAs\":[\"https:\\\/\\\/www.facebook.com\\\/YogaInHeidelberg\\\/\",\"https:\\\/\\\/www.instagram.com\\\/anahata.yoga.heidelberg\\\/\"],\"description\":\"Anahata Yoga Heidelberg ist das famili\u00e4re Yogastudio in Heidelberg-Handschuhsheim. Hier findest Du individuelle Betreuung in \u00fcberschaubaren Gruppen oder beim Einzelunterricht. Auf diese Weise erm\u00f6glichen wir Anf\u00e4ngern einen soliden Einstieg ins Yoga und Fortgeschrittenen eine individuelle Entwicklung ihres eigenen Yogaweges.\",\"email\":\"info@anahata-yoga-heidelberg.de\",\"telephone\":\"01714509409\",\"foundingDate\":\"2016-10-01\"}]}<\/script>\n<!-- \/ Yoast SEO Premium plugin. -->","yoast_head_json":{"title":"Our Yoga Studio in Heidelberg","description":"For your first Yogalesson all you need is yourself, comfortable clothes, maybe water to drink. That's all!","robots":{"index":"index","follow":"follow","max-snippet":"max-snippet:-1","max-image-preview":"max-image-preview:large","max-video-preview":"max-video-preview:-1"},"canonical":"https:\/\/anahata-yoga-heidelberg.de\/en\/new-at-yoga\/","og_locale":"en_US","og_type":"article","og_title":"About us","og_description":"For your first Yogalesson all you need is yourself, comfortable clothes, maybe water to drink. That's all!","og_url":"https:\/\/anahata-yoga-heidelberg.de\/en\/new-at-yoga\/","og_site_name":"Anahata Yoga Heidelberg","article_publisher":"https:\/\/www.facebook.com\/YogaInHeidelberg\/","article_modified_time":"2025-01-24T15:45:11+00:00","og_image":[{"width":1642,"height":1095,"url":"https:\/\/anahata-yoga-heidelberg.de\/wp-content\/uploads\/2019\/03\/IMG_4605_InPixio3-klein.jpg","type":"image\/jpeg"}],"twitter_card":"summary_large_image","twitter_misc":{"Est. reading time":"4 minutes"},"schema":{"@context":"https:\/\/schema.org","@graph":[{"@type":"WebPage","@id":"https:\/\/anahata-yoga-heidelberg.de\/en\/new-at-yoga\/","url":"https:\/\/anahata-yoga-heidelberg.de\/en\/new-at-yoga\/","name":"Our Yoga Studio in Heidelberg","isPartOf":{"@id":"https:\/\/anahata-yoga-heidelberg.de\/en\/#website"},"primaryImageOfPage":{"@id":"https:\/\/anahata-yoga-heidelberg.de\/en\/new-at-yoga\/#primaryimage"},"image":{"@id":"https:\/\/anahata-yoga-heidelberg.de\/en\/new-at-yoga\/#primaryimage"},"thumbnailUrl":"https:\/\/anahata-yoga-heidelberg.de\/wp-content\/uploads\/2019\/03\/IMG_4605_InPixio3-klein.jpg","datePublished":"2019-12-20T15:39:35+00:00","dateModified":"2025-01-24T15:45:11+00:00","description":"For your first Yogalesson all you need is yourself, comfortable clothes, maybe water to drink. That's all!","breadcrumb":{"@id":"https:\/\/anahata-yoga-heidelberg.de\/en\/new-at-yoga\/#breadcrumb"},"inLanguage":"en-US","potentialAction":[{"@type":"ReadAction","target":["https:\/\/anahata-yoga-heidelberg.de\/en\/new-at-yoga\/"]}]},{"@type":"ImageObject","inLanguage":"en-US","@id":"https:\/\/anahata-yoga-heidelberg.de\/en\/new-at-yoga\/#primaryimage","url":"https:\/\/anahata-yoga-heidelberg.de\/wp-content\/uploads\/2019\/03\/IMG_4605_InPixio3-klein.jpg","contentUrl":"https:\/\/anahata-yoga-heidelberg.de\/wp-content\/uploads\/2019\/03\/IMG_4605_InPixio3-klein.jpg","width":1642,"height":1095},{"@type":"BreadcrumbList","@id":"https:\/\/anahata-yoga-heidelberg.de\/en\/new-at-yoga\/#breadcrumb","itemListElement":[{"@type":"ListItem","position":1,"name":"Startseite","item":"https:\/\/anahata-yoga-heidelberg.de\/en\/"},{"@type":"ListItem","position":2,"name":"About us"}]},{"@type":"WebSite","@id":"https:\/\/anahata-yoga-heidelberg.de\/en\/#website","url":"https:\/\/anahata-yoga-heidelberg.de\/en\/","name":"Anahata Yoga Heidelberg","description":"Yoga in Heidelberg","publisher":{"@id":"https:\/\/anahata-yoga-heidelberg.de\/en\/#organization"},"potentialAction":[{"@type":"SearchAction","target":{"@type":"EntryPoint","urlTemplate":"https:\/\/anahata-yoga-heidelberg.de\/en\/?s={search_term_string}"},"query-input":{"@type":"PropertyValueSpecification","valueRequired":true,"valueName":"search_term_string"}}],"inLanguage":"en-US"},{"@type":"Organization","@id":"https:\/\/anahata-yoga-heidelberg.de\/en\/#organization","name":"Anahata Yoga Heidelberg","url":"https:\/\/anahata-yoga-heidelberg.de\/en\/","logo":{"@type":"ImageObject","inLanguage":"en-US","@id":"https:\/\/anahata-yoga-heidelberg.de\/en\/#\/schema\/logo\/image\/","url":"https:\/\/anahata-yoga-heidelberg.de\/wp-content\/uploads\/2023\/05\/cropped-cropped-logoshot3.jpg","contentUrl":"https:\/\/anahata-yoga-heidelberg.de\/wp-content\/uploads\/2023\/05\/cropped-cropped-logoshot3.jpg","width":512,"height":512,"caption":"Anahata Yoga Heidelberg"},"image":{"@id":"https:\/\/anahata-yoga-heidelberg.de\/en\/#\/schema\/logo\/image\/"},"sameAs":["https:\/\/www.facebook.com\/YogaInHeidelberg\/","https:\/\/www.instagram.com\/anahata.yoga.heidelberg\/"],"description":"Anahata Yoga Heidelberg ist das famili\u00e4re Yogastudio in Heidelberg-Handschuhsheim. Hier findest Du individuelle Betreuung in \u00fcberschaubaren Gruppen oder beim Einzelunterricht. Auf diese Weise erm\u00f6glichen wir Anf\u00e4ngern einen soliden Einstieg ins Yoga und Fortgeschrittenen eine individuelle Entwicklung ihres eigenen Yogaweges.","email":"info@anahata-yoga-heidelberg.de","telephone":"01714509409","foundingDate":"2016-10-01"}]}},"_links":{"self":[{"href":"https:\/\/anahata-yoga-heidelberg.de\/en\/wp-json\/wp\/v2\/pages\/3327","targetHints":{"allow":["GET"]}}],"collection":[{"href":"https:\/\/anahata-yoga-heidelberg.de\/en\/wp-json\/wp\/v2\/pages"}],"about":[{"href":"https:\/\/anahata-yoga-heidelberg.de\/en\/wp-json\/wp\/v2\/types\/page"}],"author":[{"embeddable":true,"href":"https:\/\/anahata-yoga-heidelberg.de\/en\/wp-json\/wp\/v2\/users\/1"}],"replies":[{"embeddable":true,"href":"https:\/\/anahata-yoga-heidelberg.de\/en\/wp-json\/wp\/v2\/comments?post=3327"}],"version-history":[{"count":2,"href":"https:\/\/anahata-yoga-heidelberg.de\/en\/wp-json\/wp\/v2\/pages\/3327\/revisions"}],"predecessor-version":[{"id":4794,"href":"https:\/\/anahata-yoga-heidelberg.de\/en\/wp-json\/wp\/v2\/pages\/3327\/revisions\/4794"}],"wp:featuredmedia":[{"embeddable":true,"href":"https:\/\/anahata-yoga-heidelberg.de\/en\/wp-json\/wp\/v2\/media\/3419"}],"wp:attachment":[{"href":"https:\/\/anahata-yoga-heidelberg.de\/en\/wp-json\/wp\/v2\/media?parent=3327"}],"curies":[{"name":"wp","href":"https:\/\/api.w.org\/{rel}","templated":true}]}}